{"id":116,"date":"2018-05-25T16:39:14","date_gmt":"2018-05-25T20:39:14","guid":{"rendered":"https:\/\/wwd-grch.esg.uqam.ca\/?page_id=116"},"modified":"2025-12-08T14:54:04","modified_gmt":"2025-12-08T19:54:04","slug":"working-papers-series","status":"publish","type":"page","link":"https:\/\/grch.esg.uqam.ca\/en\/working-papers-series\/","title":{"rendered":"Working Papers Series"},"content":{"rendered":"<div class=\"entry\">\n<p>Welcome to the page of the Research Group on Human Capital\u2019s Working Papers Series. These working papers serve to disseminate the findings from research done by the Group\u2019s members.<\/p>\n<ul>\n<li>Connolly, Marie, Haeck, Catherine, &amp; Le Bourdais-Coffey, Anne Mei (2025), &#8220;<a href=\"https:\/\/grch.esg.uqam.ca\/wp-content\/uploads\/sites\/82\/Connolly_Haeck_Le-Bourdais-Coffey_GRCH_WP23-03.pdf\" target=\"_blank\" rel=\"noopener\">Age at Immigration and the Intergenerational Income Mobility of the 1.5 Generation<\/a>,&#8221; Working Paper 23-03, Research Group on Human Capital, October 2025 (revised version).<\/li>\n<li>He, Ailin, Ren\u00e9e, La\u00ebtitia, &amp; Sayour, Nagham (2024), &#8220;<a href=\"https:\/\/grch.esg.uqam.ca\/wp-content\/uploads\/sites\/82\/He_Renee_Sayour_GRCH_WP24-04.pdf\" target=\"_blank\" rel=\"noopener\">The Impact of After-School Care on Maternal Income: Evidence from Canadian Administrative Data<\/a>,&#8221; Working Paper 24-04, Research Group on Human Capital, December 2024.<\/li>\n<li>Munteanu, Andrei (2024), &#8220;<a href=\"https:\/\/grch.esg.uqam.ca\/wp-content\/uploads\/sites\/82\/Munteanu_GRCH_WP24-03.pdf\" target=\"_blank\" rel=\"noopener\">School Choice, Student Sorting and Academic Performance<\/a>,&#8221; Working Paper 24-03, Research Group on Human Capital, January 2024.<\/li>\n<li>Galama, Titus, Munteanu, Andrei, &amp; Thom, Kevin (2024), &#8220;<a href=\"https:\/\/grch.esg.uqam.ca\/wp-content\/uploads\/sites\/82\/Galama_Munteanu_Thom_GRCH_WP24-02.pdf\" target=\"_blank\" rel=\"noopener\">Intergenerational Persistence in the Effects of Compulsory Schooling in the U.S.<\/a>,&#8221; Working Paper 24-02, Research Group on Human Capital, January 2024.<\/li>\n<li>Lawson, Nicholas (2024), &#8220;<a href=\"https:\/\/grch.esg.uqam.ca\/wp-content\/uploads\/sites\/82\/Lawson_GRCH_WP24-01.pdf\" target=\"_blank\" rel=\"noopener\">Discrimination and the Fiscal Benefits of Immigration<\/a>,&#8221; Working Paper 24-01, Research Group on Human Capital, January 2024.<\/li>\n<li>Lefebvre, Pierre, &amp; Merrigan, Philip (2023), &#8220;<a href=\"https:\/\/grch.esg.uqam.ca\/wp-content\/uploads\/sites\/82\/Lefebvre_Merrigan_GRCH_WP23-04.pdf\" target=\"_blank\" rel=\"noopener\">Enseignements du PIRLS-2021 sur la litt\u00e9racie en lecture des \u00e9l\u00e8ves de 4<sup>e<\/sup> ann\u00e9e\u00a0: Comparaisons Qu\u00e9bec, trois provinces canadiennes, six pays europ\u00e9ens<\/a>&#8220;, Working Paper 23-04, Research Group on Human Capital, November 2023 (in French).<\/li>\n<li>Connolly, Marie, Fontaine, Marie M\u00e9lanie, &amp; Haeck, Catherine (2023), &#8220;<a href=\"https:\/\/grch.esg.uqam.ca\/wp-content\/uploads\/sites\/82\/Connolly_Fontaine_Haeck_GRCH_WP23-02.pdf\" target=\"_blank\" rel=\"noopener\">Child Penalties in Canada<\/a>,&#8221; Working Paper 23-02, Research Group on Human Capital, April 2023.<\/li>\n<li>Felteau, Claude, &amp; Lefebvre, Pierre (2023), &#8220;<a href=\"https:\/\/grch.esg.uqam.ca\/wp-content\/uploads\/sites\/82\/Felteau_Lefebvre_GRCH_WP23-01.pdf\" target=\"_blank\" rel=\"noopener\">Can universal preschool education intensities counterbalance parental socioeconomic gradients? Repeated international evidence from Fourth graders skills achievement<\/a>,&#8221; Working Paper 23-01, Research Group on Human Capital, February 2023.<\/li>\n<li>Haeck, Catherine, Lawson, Nicholas, and Poirier, Krystel (2022), &#8220;<a href=\"https:\/\/grch.esg.uqam.ca\/wp-content\/uploads\/sites\/82\/Haeck_Lawson_Poirier_GRCH_WP22-01.pdf\">Estimating consumer preferences for different beverages using the BLP approach <\/a>,&#8221; Working Paper 22-01, Research Group on Human Capital, March 2022.<\/li>\n<li>Lefebvre, Pierre &amp; Merrigan, Philip (2021), &#8220;<a href=\"https:\/\/grch.esg.uqam.ca\/wp-content\/uploads\/sites\/82\/Lefebvre_Merrigan_GRCH_WP21-01.pdf\">Why Subsidize Independent Schools? Estimating the Effect of a Unique Canadian Schooling Model on Educational Attainment<\/a>&#8220;, Working Paper 21-01, Research Group on Human Capital, April 2021.<\/li>\n<li>Connolly, Marie, &amp; Catherine Haeck (2020), &#8220;<a href=\"https:\/\/grch.esg.uqam.ca\/wp-content\/uploads\/sites\/82\/Connolly_Haeck_GRCH_WP18-01.pdf\" target=\"_blank\" rel=\"noopener noreferrer\">Nonlinear Class Size Effects on Cognitive and Noncognitive Development of Young Children<\/a>,&#8221; <span lang=\"EN-US\">Working Paper<\/span> 18-01, Research Group on Human Capital, December 2020 (revised version).<\/li>\n<li>Lefebvre, Pierre, &amp; Philip Merrigan (2020), &#8220;<a href=\"https:\/\/grch.esg.uqam.ca\/wp-content\/uploads\/sites\/82\/Lefebvre_Merrigan_GRCH_WP20-02-2.pdf\" target=\"_blank\" rel=\"noopener noreferrer\">Les in\u00e9galit\u00e9s provinciales aux tests internationaux-nationaux de litt\u00e9racie : Qu\u00e9bec, Ontario et autres provinces canadiennes 1993-2018<\/a>,&#8221; <span lang=\"EN-US\">Working Paper<\/span> 20-02, Research Group on Human Capital, October 2020 (revised version, in French).<\/li>\n<li>Pierre-Loup Beauregard, Marie Connolly, Catherine Haeck, &amp; T\u00edmea Laura Moln\u00e1r (2020), &#8220;<a href=\"https:\/\/grch.esg.uqam.ca\/wp-content\/uploads\/sites\/82\/Beauregard_Connolly_Haeck_Molnar_GRCH_WP20-06.pdf\" target=\"_blank\" rel=\"noopener noreferrer\">Primary School Reopenings and Parental Work<\/a>,&#8221; <span lang=\"EN-US\">Working Paper<\/span> 20-06, Research Group on Human Capital, August 2020.<\/li>\n<li>Marie Connolly, Catherine Haeck, &amp; Jean-William Lalibert\u00e9 (2020), &#8220;<a href=\"https:\/\/grch.esg.uqam.ca\/wp-content\/uploads\/sites\/82\/Connolly_Haeck_Laliberte_GRCH_WP20-05.pdf\" target=\"_blank\" rel=\"noopener noreferrer\">Parental Education and the Rising Transmission of Income between Generations<\/a>,&#8221; <span lang=\"EN-US\">Working Paper<\/span> 20-05, Research Group on Human Capital, June 2020.<\/li>\n<li>Catherine Haeck, &amp; Pierre Lefebvre (2020), &#8220;<a href=\"https:\/\/grch.esg.uqam.ca\/wp-content\/uploads\/sites\/82\/Haeck_Lefebvre_GRCH_WP20-04_1-1.pdf\" target=\"_blank\" rel=\"noopener noreferrer\">Trends in Cognitive Skills Inequalities by Socioeconomic Status across Canada<\/a>,&#8221; <span lang=\"EN-US\">Working Paper<\/span> 20-04, Research Group on Human Capital, May 2020.<\/li>\n<li>Catherine Haeck, &amp; Pierre Lefebvre (2020), &#8220;<a href=\"https:\/\/grch.esg.uqam.ca\/wp-content\/uploads\/sites\/82\/Haeck_Lefebvre_GRCH_WP20-03-5.pdf\" target=\"_blank\" rel=\"noopener noreferrer\">Pandemic School Closures May Increase Inequality in Test Scores<\/a>,&#8221; <span lang=\"EN-US\">Working Paper<\/span> 20-03, Research Group on Human Capital, June 2020 (forthcoming, <em>Canadian Public Policy<\/em>). Supplementary material <a href=\"https:\/\/grch.esg.uqam.ca\/wp-content\/uploads\/sites\/82\/Haeck_Lefebvre_GRCH_WP20-03_Online_Appendix.xlsx\" target=\"_blank\" rel=\"noopener noreferrer\">available here<\/a>.<\/li>\n<li>Garon, Jean-Denis, Catherine Haeck, &amp; Simon Bourassa-Viau (2020), &#8220;<a href=\"https:\/\/grch.esg.uqam.ca\/wp-content\/uploads\/sites\/82\/Garon_Haeck_Bourassa-Viau_GRCH_WP20-01.pdf\" target=\"_blank\" rel=\"noopener noreferrer\">Going Back to School Takes Time: Evidence from a Negative Trade Shock<\/a>,&#8221; <span lang=\"EN-US\">Working Paper<\/span> 20-01, Research Group on Human Capital, January 2020.<\/li>\n<li>Haeck, Catherine &amp; Marie Connolly (2019), &#8220;<a href=\"https:\/\/grch.esg.uqam.ca\/wp-content\/uploads\/sites\/82\/Haeck_Connolly_GRCH_WP19-04-2.pdf\" target=\"_blank\" rel=\"noopener noreferrer\">Point de vue sur l\u2019accessibilit\u00e9 aux donn\u00e9es des administrations publiques<\/a>,&#8221; <span lang=\"EN-US\">Working Paper<\/span> 19-04, Research Group on Human Capital, December 2019 (in French).<\/li>\n<li>Connolly, Marie, Catherine Haeck, &amp; David Lapierre (2019), &#8220;S<a href=\"https:\/\/grch.esg.uqam.ca\/wp-content\/uploads\/sites\/82\/Connolly_Haeck_Lapierre_GRCH_WP19-03-1.pdf\" target=\"_blank\" rel=\"noopener noreferrer\">ocial Mobility Trends in Canada: Going up the Great Gatsby Curve<\/a>,&#8221; Working Paper No. 19-03, <span lang=\"EN-US\">Research Group on Human Capital, May <\/span>2019 (revised version).<\/li>\n<li>Connolly, Marie, Miles Corak, &amp; Catherine Haeck (2019), &#8220;<a href=\"https:\/\/grch.esg.uqam.ca\/wp-content\/uploads\/sites\/82\/Connolly_Corak_Haeck_GRCH_WP19-02.pdf\" target=\"_blank\" rel=\"noopener noreferrer\">Intergenerational Mobility between and within Canada and the United States<\/a>,&#8221; Working Paper No. 19-02, <span lang=\"EN-US\">Research Group on Human Capital, April <\/span>2019 (published in the <em>Journal of Labor Economics<\/em>).<\/li>\n<li>Haeck, Catherine, Samuel Par\u00e9, Pierre Lefebvre, &amp; Philip Merrigan (2019), &#8220;<a href=\"https:\/\/grch.esg.uqam.ca\/wp-content\/uploads\/sites\/82\/Haeck_Pare_Lefebvre_Merrigan_GRCH_WP19-01.pdf\">Paid Parental Leave: Leaner Might Be Better<\/a>,&#8221; Working Paper No. 19-01, <span lang=\"EN-US\">Research Group on Human Capital, March <\/span>2019 (published in <em>Canadian Public Policy<\/em>).<\/li>\n<li>Leblond-L\u00e9tourneau, Martin, Pierre Lefebvre, &amp; Philip Merrigan (2018), &#8220;<a href=\"https:\/\/grch.esg.uqam.ca\/wp-content\/uploads\/sites\/82\/Leblond_Lefebvre_Merrigan_GRCH_WP18-02.pdf\" target=\"_blank\" rel=\"noopener noreferrer\">L&#8217;h\u00e9ritage de l&#8217;\u00e9ducation sur 25 ans : Une comparaison des tendances au Qu\u00e9bec et dans le reste du Canada<\/a>,&#8221; <span lang=\"EN-US\">Working Paper<\/span> No. 18-02, Research Group on Human Capital, November 2018 (in French).<\/li>\n<li>Lapierre, David, Pierre Lefebvre, &amp; Philip Merrigan (2017), &#8220;<a href=\"https:\/\/grch.esg.uqam.ca\/wp-content\/uploads\/sites\/82\/Lapierre_Lefebvre_Merrigan_GRCH_WP16-02.pdf\" target=\"_blank\" rel=\"noopener noreferrer\">Long Term Educational Attainment of Private High School Students in Qu\u00e9bec: Estimates of Treatment Effects from Longitudinal Data<\/a>,&#8221; <span lang=\"EN-US\">Working Paper No. 16-02, Research Group on Human Capital, December 2017 (revised version).<\/span><\/li>\n<li><span lang=\"EN-US\">Haeck, Catherine, &amp; Pierre Lefebvre (2016), &#8220;<a title=\"GRCH WP 14-01\" href=\"https:\/\/grch.esg.uqam.ca\/wp-content\/uploads\/sites\/82\/Haeck_Lefebvre_GRCH_WP14-01.pdf\" target=\"_blank\" rel=\"noopener noreferrer\">A Simple Recipe: the Effect of a Prenatal Nutrition Program on Child Health at Birth<\/a><\/span><span lang=\"EN-US\">,&#8221; Working Paper No. 14-01, Research Group on Human Capital, May 2016 (published in <em>Labour Economics<\/em>).<\/span><\/li>\n<li>Haeck, Catherine, Pierre Lefebvre, Philip Merrigan, &amp; David Lapierre (2016), &#8220;<a href=\"https:\/\/grch.esg.uqam.ca\/wp-content\/uploads\/sites\/82\/Haeck_Lefebvre_Merrigan_Lapierre_GRCH_WP14-02.pdf\" target=\"_blank\" rel=\"noopener noreferrer\">Evidence on Maternal Health from Two Large Canadian Parental Leave Expansions: When is Enough Too Much?<\/a>,&#8221; Working Paper No. 14-02, Research Group on Human Capital, December 2016 (revised version\u2013first version circulated under different title).<\/li>\n<li>Lefebvre, Pierre (2016), &#8220;<a href=\"https:\/\/grch.esg.uqam.ca\/wp-content\/uploads\/sites\/82\/Lefebvre_GRCH_WP16-03.pdf\" target=\"_blank\" rel=\"noopener noreferrer\">Socioeconomic Gradient Literacy and Numeracy Skills of 15-year-olds across Canadian Provinces and Years using the PISA Surveys (2000-2012)<\/a>,&#8221; <span lang=\"EN-US\">Working Paper No. 16-03, Research Group on Human Capital, December 2016.<\/span><\/li>\n<li>Lefebvre, Pierre (2016), &#8220;<a href=\"https:\/\/grch.esg.uqam.ca\/wp-content\/uploads\/sites\/82\/Lefebvre_GRCH_WP15-03.pdf\" target=\"_blank\" rel=\"noopener noreferrer\">La contribution de l\u2019\u00e9cole priv\u00e9e au Qu\u00e9bec \u00e0 la litt\u00e9ratie et \u00e0 la num\u00e9ratie des 15 ans : une analyse par effets de traitement<\/a>,&#8221; <span lang=\"EN-US\">Working Paper No. 15-03, Research Group on Human Capital, September 2016 (in French\u2013revised version) (published in <em>L&#8217;Actualit\u00e9 \u00e9conomique: Revue d&#8217;analyse \u00e9conomique<\/em>).<\/span><\/li>\n<li>Lapierre, David, Pierre Lefebvre, &amp; Philip Merrigan (2016), &#8220;<a href=\"https:\/\/grch.esg.uqam.ca\/wp-content\/uploads\/sites\/82\/Lapierre_Lefebvre_Merrigan_GRCH_WP16-01.pdf\" target=\"_blank\" rel=\"noopener noreferrer\">Les r\u00e9sultats \u00e9ducatifs de long terme des \u00e9l\u00e8ves de l\u2019\u00e9cole secondaire priv\u00e9e au Qu\u00e9bec : une \u00e9valuation des effets de traitement avec donn\u00e9es longitudinales<\/a>,&#8221; <span lang=\"EN-US\">Working Paper No. 16-01, Research Group on Human Capital, August 2016 (in French).<\/span><\/li>\n<li>Lebihan, La\u00ebtitia, Catherine Haeck, Pierre Lefebvre, &amp; Philip Merrigan (2015), &#8220;<a href=\"https:\/\/grch.esg.uqam.ca\/wp-content\/uploads\/sites\/82\/Lebihan_Haeck_Lefebvre_Merrigan_GRCH_WP15-04.pdf\" target=\"_blank\" rel=\"noopener noreferrer\">Universal Childcare and Longer-Run Effects on Parental Health and Behaviors: Evidence from a Canadian Universal Child Care Program<\/a>,&#8221; <span lang=\"EN-US\">Working Paper No. 15-04, Research Group on Human Capital, November 2015.<\/span><\/li>\n<li>Haeck, Catherine, La\u00ebtitia Lebihan, &amp; Philip Merrigan (2015), &#8220;<a href=\"https:\/\/grch.esg.uqam.ca\/wp-content\/uploads\/sites\/82\/Haeck_Lebihan_Merrigan_GRCH_WP15-02.pdf\" target=\"_blank\" rel=\"noopener noreferrer\">Universal childcare and long-term effects on child well-being: Evidence from Canada<\/a>,&#8221; Working Paper No. 15-02, Research Group on Human Capital<span lang=\"EN-US\">, July 2015 (published in the <em>Journal of Human Capital<\/em>).<\/span><\/li>\n<li>Haeck, Catherine (2015), &#8220;<a title=\"GRCH WP 15-01\" href=\"https:\/\/grch.esg.uqam.ca\/wp-content\/uploads\/sites\/82\/Haeck_GRCH_WP15-01.pdf\" target=\"_blank\" rel=\"noopener noreferrer\">Connecting the Dots: The Early Impacts of Increased Paid Maternity Leave on Child Development<\/a>,\u201d Working Paper No. 15-01,\u00a0<span lang=\"EN-US\">Research Group on Human Capital, February 2015.<br \/>\n<\/span><\/li>\n<\/ul>\n<\/div>\n","protected":false},"excerpt":{"rendered":"<p>Welcome to the page of the Research Group on Human Capital\u2019s Working Papers Series. These working papers serve to disseminate the findings from research done by the Group\u2019s members. Connolly, Marie, Haeck, Catherine, &amp; Le Bourdais-Coffey, Anne Mei (2025), &#8220;Age at Immigration and the Intergenerational Income Mobility of the 1.5 Generation,&#8221; Working Paper 23-03, Research [&hellip;]<\/p>\n","protected":false},"author":315,"featured_media":0,"parent":0,"menu_order":0,"comment_status":"closed","ping_status":"closed","template":"","meta":{"_editorskit_title_hidden":false,"_editorskit_reading_time":3,"_editorskit_is_block_options_detached":false,"_editorskit_block_options_position":"{}","footnotes":""},"class_list":["post-116","page","type-page","status-publish","hentry"],"yoast_head":"<!-- This site is optimized with the Yoast SEO plugin v27.4 - https:\/\/yoast.com\/product\/yoast-seo-wordpress\/ -->\n<title>Working Papers Series - Groupe de recherche sur le capital humain - ESG UQAM<\/title>\n<meta name=\"robots\" content=\"index, follow, max-snippet:-1, max-image-preview:large, max-video-preview:-1\" \/>\n<link rel=\"canonical\" href=\"https:\/\/grch.esg.uqam.ca\/en\/working-papers-series\/\" \/>\n<meta property=\"og:locale\" content=\"en_US\" \/>\n<meta property=\"og:type\" content=\"article\" \/>\n<meta property=\"og:title\" content=\"Working Papers Series - Groupe de recherche sur le capital humain - ESG UQAM\" \/>\n<meta property=\"og:description\" content=\"Welcome to the page of the Research Group on Human Capital\u2019s Working Papers Series. These working papers serve to disseminate the findings from research done by the Group\u2019s members. Connolly, Marie, Haeck, Catherine, &amp; Le Bourdais-Coffey, Anne Mei (2025), &#8220;Age at Immigration and the Intergenerational Income Mobility of the 1.5 Generation,&#8221; Working Paper 23-03, Research [&hellip;]\" \/>\n<meta property=\"og:url\" content=\"https:\/\/grch.esg.uqam.ca\/en\/working-papers-series\/\" \/>\n<meta property=\"og:site_name\" content=\"Groupe de recherche sur le capital humain\" \/>\n<meta property=\"article:modified_time\" content=\"2025-12-08T19:54:04+00:00\" \/>\n<meta name=\"twitter:card\" content=\"summary_large_image\" \/>\n<meta name=\"twitter:label1\" content=\"Est. reading time\" \/>\n\t<meta name=\"twitter:data1\" content=\"6 minutes\" \/>\n<script type=\"application\/ld+json\" class=\"yoast-schema-graph\">{\"@context\":\"https:\\\/\\\/schema.org\",\"@graph\":[{\"@type\":\"WebPage\",\"@id\":\"https:\\\/\\\/grch.esg.uqam.ca\\\/en\\\/working-papers-series\\\/\",\"url\":\"https:\\\/\\\/grch.esg.uqam.ca\\\/en\\\/working-papers-series\\\/\",\"name\":\"Working Papers Series - Groupe de recherche sur le capital humain - ESG UQAM\",\"isPartOf\":{\"@id\":\"https:\\\/\\\/grch.esg.uqam.ca\\\/#website\"},\"datePublished\":\"2018-05-25T20:39:14+00:00\",\"dateModified\":\"2025-12-08T19:54:04+00:00\",\"breadcrumb\":{\"@id\":\"https:\\\/\\\/grch.esg.uqam.ca\\\/en\\\/working-papers-series\\\/#breadcrumb\"},\"inLanguage\":\"en-US\",\"potentialAction\":[{\"@type\":\"ReadAction\",\"target\":[\"https:\\\/\\\/grch.esg.uqam.ca\\\/en\\\/working-papers-series\\\/\"]}]},{\"@type\":\"BreadcrumbList\",\"@id\":\"https:\\\/\\\/grch.esg.uqam.ca\\\/en\\\/working-papers-series\\\/#breadcrumb\",\"itemListElement\":[{\"@type\":\"ListItem\",\"position\":1,\"name\":\"Accueil\",\"item\":\"https:\\\/\\\/grch.esg.uqam.ca\\\/en\\\/\"},{\"@type\":\"ListItem\",\"position\":2,\"name\":\"Working Papers Series\"}]},{\"@type\":\"WebSite\",\"@id\":\"https:\\\/\\\/grch.esg.uqam.ca\\\/#website\",\"url\":\"https:\\\/\\\/grch.esg.uqam.ca\\\/\",\"name\":\"Groupe de recherche sur le capital humain\",\"description\":\"Groupe de recherche sur le capital humain\",\"potentialAction\":[{\"@type\":\"SearchAction\",\"target\":{\"@type\":\"EntryPoint\",\"urlTemplate\":\"https:\\\/\\\/grch.esg.uqam.ca\\\/?s={search_term_string}\"},\"query-input\":{\"@type\":\"PropertyValueSpecification\",\"valueRequired\":true,\"valueName\":\"search_term_string\"}}],\"inLanguage\":\"en-US\"}]}<\/script>\n<!-- \/ Yoast SEO plugin. -->","yoast_head_json":{"title":"Working Papers Series - Groupe de recherche sur le capital humain - ESG UQAM","robots":{"index":"index","follow":"follow","max-snippet":"max-snippet:-1","max-image-preview":"max-image-preview:large","max-video-preview":"max-video-preview:-1"},"canonical":"https:\/\/grch.esg.uqam.ca\/en\/working-papers-series\/","og_locale":"en_US","og_type":"article","og_title":"Working Papers Series - Groupe de recherche sur le capital humain - ESG UQAM","og_description":"Welcome to the page of the Research Group on Human Capital\u2019s Working Papers Series. These working papers serve to disseminate the findings from research done by the Group\u2019s members. Connolly, Marie, Haeck, Catherine, &amp; Le Bourdais-Coffey, Anne Mei (2025), &#8220;Age at Immigration and the Intergenerational Income Mobility of the 1.5 Generation,&#8221; Working Paper 23-03, Research [&hellip;]","og_url":"https:\/\/grch.esg.uqam.ca\/en\/working-papers-series\/","og_site_name":"Groupe de recherche sur le capital humain","article_modified_time":"2025-12-08T19:54:04+00:00","twitter_card":"summary_large_image","twitter_misc":{"Est. reading time":"6 minutes"},"schema":{"@context":"https:\/\/schema.org","@graph":[{"@type":"WebPage","@id":"https:\/\/grch.esg.uqam.ca\/en\/working-papers-series\/","url":"https:\/\/grch.esg.uqam.ca\/en\/working-papers-series\/","name":"Working Papers Series - Groupe de recherche sur le capital humain - ESG UQAM","isPartOf":{"@id":"https:\/\/grch.esg.uqam.ca\/#website"},"datePublished":"2018-05-25T20:39:14+00:00","dateModified":"2025-12-08T19:54:04+00:00","breadcrumb":{"@id":"https:\/\/grch.esg.uqam.ca\/en\/working-papers-series\/#breadcrumb"},"inLanguage":"en-US","potentialAction":[{"@type":"ReadAction","target":["https:\/\/grch.esg.uqam.ca\/en\/working-papers-series\/"]}]},{"@type":"BreadcrumbList","@id":"https:\/\/grch.esg.uqam.ca\/en\/working-papers-series\/#breadcrumb","itemListElement":[{"@type":"ListItem","position":1,"name":"Accueil","item":"https:\/\/grch.esg.uqam.ca\/en\/"},{"@type":"ListItem","position":2,"name":"Working Papers Series"}]},{"@type":"WebSite","@id":"https:\/\/grch.esg.uqam.ca\/#website","url":"https:\/\/grch.esg.uqam.ca\/","name":"Groupe de recherche sur le capital humain","description":"Groupe de recherche sur le capital humain","potentialAction":[{"@type":"SearchAction","target":{"@type":"EntryPoint","urlTemplate":"https:\/\/grch.esg.uqam.ca\/?s={search_term_string}"},"query-input":{"@type":"PropertyValueSpecification","valueRequired":true,"valueName":"search_term_string"}}],"inLanguage":"en-US"}]}},"_links":{"self":[{"href":"https:\/\/grch.esg.uqam.ca\/en\/wp-json\/wp\/v2\/pages\/116","targetHints":{"allow":["GET"]}}],"collection":[{"href":"https:\/\/grch.esg.uqam.ca\/en\/wp-json\/wp\/v2\/pages"}],"about":[{"href":"https:\/\/grch.esg.uqam.ca\/en\/wp-json\/wp\/v2\/types\/page"}],"author":[{"embeddable":true,"href":"https:\/\/grch.esg.uqam.ca\/en\/wp-json\/wp\/v2\/users\/315"}],"replies":[{"embeddable":true,"href":"https:\/\/grch.esg.uqam.ca\/en\/wp-json\/wp\/v2\/comments?post=116"}],"version-history":[{"count":10,"href":"https:\/\/grch.esg.uqam.ca\/en\/wp-json\/wp\/v2\/pages\/116\/revisions"}],"predecessor-version":[{"id":3650,"href":"https:\/\/grch.esg.uqam.ca\/en\/wp-json\/wp\/v2\/pages\/116\/revisions\/3650"}],"wp:attachment":[{"href":"https:\/\/grch.esg.uqam.ca\/en\/wp-json\/wp\/v2\/media?parent=116"}],"curies":[{"name":"wp","href":"https:\/\/api.w.org\/{rel}","templated":true}]}}