{"id":180,"date":"2018-05-30T11:41:29","date_gmt":"2018-05-30T15:41:29","guid":{"rendered":"https:\/\/wwd-grch.esg.uqam.ca\/?page_id=180"},"modified":"2023-05-12T13:16:29","modified_gmt":"2023-05-12T17:16:29","slug":"contact-us","status":"publish","type":"page","link":"https:\/\/grch.esg.uqam.ca\/en\/contact-us\/","title":{"rendered":"Contact us"},"content":{"rendered":"<p>To contact the Research Group on Human Capital, contact the Professor <a title=\"http:\/\/www.connolly.uqam.ca\/\" href=\"http:\/\/www.connolly.uqam.ca\/\" target=\"_blank\" rel=\"noopener\">Marie Connolly<\/a>, director of the Group, at the following address:<\/p>\n<p><b>Email<\/b><br \/>\n<a href=\"mailto:connolly.marie@uqam.ca\">connolly.marie@uqam.ca<\/a><\/p>\n<p><b>Phone<\/b><br \/>\n(514) 987-3000 extension 0277<\/p>\n<p><b>Fax<\/b><br \/>\n(514) 987-8494<\/p>\n<p><b>Mailing Address<\/b><br \/>\nUniversit\u00e9 du Qu\u00e9bec \u00e0 Montr\u00e9al<br \/>\nEconomics Department, Research Group on Human Capital<br \/>\nCase postale 8888, Succ. Centre-Ville<br \/>\nMontreal QC<br \/>\nCANADA<br \/>\nH3C 3P8<\/p>\n<p><b>Street Address and Deliveries<br \/>\n<\/b>Universit\u00e9 du Qu\u00e9bec \u00e0 Montr\u00e9al<br \/>\nEconomics Department, Research Group on Human Capital<br \/>\n320 Ste-Catherine Street East<br \/>\nLocal DS-5450<br \/>\nMontreal QC<br \/>\nCANADA<br \/>\nH2X 3X2<\/p>\n<p><strong>Others Contacts<\/strong><br \/>\nCatherine Haeck:\u00a0<a href=\"mailto:haeck.catherine@uqam.ca\" target=\"_blank\" rel=\"noopener\">haeck.catherine@uqam.ca<\/a><br \/>\nNicholas Lawson:\u00a0<a href=\"mailto:lawson.nicholas@uqam.ca\">lawson.nicholas@uqam.ca<\/a><br \/>\nPierre Lefebvre:\u00a0<a href=\"mailto:lefebvre.pierre@uqam.ca\" target=\"_blank\" rel=\"noopener\">lefebvre.pierre@uqam.ca<\/a><br \/>\nPhilip Merrigan:\u00a0<a href=\"mailto:merrigan.philip@uqam.ca\" target=\"_blank\" rel=\"noopener\">merrigan.philip@uqam.ca<\/a><br \/>\nAndrei Munteanu: <a href=\"mailto:munteanu.andrei@uqam.ca\">munteanu.andrei@uqam.ca<\/a><\/p>\n<p>Am\u00e9lie Quesnel-Vall\u00e9e: <a href=\"mailto:amelie.quesnelvallee@mcgill.ca\" target=\"_blank\" rel=\"noopener\">amelie.quesnelvallee@mcgill.ca<\/a><\/p>\n<div class=\"rl-gallery-container rl-loading\" id=\"rl-gallery-container-1\" data-gallery_id=\"244\"> <div class=\"rl-gallery rl-basicgrid-gallery \" id=\"rl-gallery-1\" data-gallery_no=\"1\"> <div class=\"rl-gallery-item\"><a href=\"https:\/\/grch.esg.uqam.ca\/wp-content\/uploads\/sites\/82\/FRSCw3_2.gif\" title=\"\" data-rl_title=\"\" class=\"rl-gallery-link\" data-rl_caption=\"\" data-rel=\"lightbox-gallery-1\"><img loading=\"lazy\" decoding=\"async\" src=\"https:\/\/grch.esg.uqam.ca\/wp-content\/uploads\/sites\/82\/FRSCw3_2-150x48.gif\" width=\"150\" height=\"48\" alt=\"\" \/><\/a><\/div><div class=\"rl-gallery-item\"><a href=\"https:\/\/grch.esg.uqam.ca\/wp-content\/uploads\/sites\/82\/Logo.png\" title=\"\" data-rl_title=\"\" class=\"rl-gallery-link\" data-rl_caption=\"\" data-rel=\"lightbox-gallery-1\"><img loading=\"lazy\" decoding=\"async\" src=\"https:\/\/grch.esg.uqam.ca\/wp-content\/uploads\/sites\/82\/Logo-150x56.png\" width=\"150\" height=\"56\" alt=\"\" \/><\/a><\/div> <\/div> <\/div>\n","protected":false},"excerpt":{"rendered":"<p>To contact the Research Group on Human Capital, contact the Professor Marie Connolly, director of the Group, at the following address: Email connolly.marie@uqam.ca Phone (514) 987-3000 extension 0277 Fax (514) 987-8494 Mailing Address Universit\u00e9 du Qu\u00e9bec \u00e0 Montr\u00e9al Economics Department, Research Group on Human Capital Case postale 8888, Succ. Centre-Ville Montreal QC CANADA H3C 3P8 [&hellip;]<\/p>\n","protected":false},"author":315,"featured_media":0,"parent":0,"menu_order":0,"comment_status":"closed","ping_status":"closed","template":"","meta":{"_editorskit_title_hidden":false,"_editorskit_reading_time":0,"_editorskit_is_block_options_detached":false,"_editorskit_block_options_position":"{}","footnotes":""},"class_list":["post-180","page","type-page","status-publish","hentry"],"yoast_head":"<!-- This site is optimized with the Yoast SEO plugin v27.4 - https:\/\/yoast.com\/product\/yoast-seo-wordpress\/ -->\n<title>Contact us - Groupe de recherche sur le capital humain - ESG UQAM<\/title>\n<meta name=\"robots\" content=\"index, follow, max-snippet:-1, max-image-preview:large, max-video-preview:-1\" \/>\n<link rel=\"canonical\" href=\"https:\/\/grch.esg.uqam.ca\/en\/contact-us\/\" \/>\n<meta property=\"og:locale\" content=\"en_US\" \/>\n<meta property=\"og:type\" content=\"article\" \/>\n<meta property=\"og:title\" content=\"Contact us - Groupe de recherche sur le capital humain - ESG UQAM\" \/>\n<meta property=\"og:description\" content=\"To contact the Research Group on Human Capital, contact the Professor Marie Connolly, director of the Group, at the following address: Email connolly.marie@uqam.ca Phone (514) 987-3000 extension 0277 Fax (514) 987-8494 Mailing Address Universit\u00e9 du Qu\u00e9bec \u00e0 Montr\u00e9al Economics Department, Research Group on Human Capital Case postale 8888, Succ. Centre-Ville Montreal QC CANADA H3C 3P8 [&hellip;]\" \/>\n<meta property=\"og:url\" content=\"https:\/\/grch.esg.uqam.ca\/en\/contact-us\/\" \/>\n<meta property=\"og:site_name\" content=\"Groupe de recherche sur le capital humain\" \/>\n<meta property=\"article:modified_time\" content=\"2023-05-12T17:16:29+00:00\" \/>\n<meta name=\"twitter:card\" content=\"summary_large_image\" \/>\n<meta name=\"twitter:label1\" content=\"Est. reading time\" \/>\n\t<meta name=\"twitter:data1\" content=\"1 minute\" \/>\n<script type=\"application\/ld+json\" class=\"yoast-schema-graph\">{\"@context\":\"https:\\\/\\\/schema.org\",\"@graph\":[{\"@type\":\"WebPage\",\"@id\":\"https:\\\/\\\/grch.esg.uqam.ca\\\/en\\\/contact-us\\\/\",\"url\":\"https:\\\/\\\/grch.esg.uqam.ca\\\/en\\\/contact-us\\\/\",\"name\":\"Contact us - Groupe de recherche sur le capital humain - ESG UQAM\",\"isPartOf\":{\"@id\":\"https:\\\/\\\/grch.esg.uqam.ca\\\/#website\"},\"datePublished\":\"2018-05-30T15:41:29+00:00\",\"dateModified\":\"2023-05-12T17:16:29+00:00\",\"breadcrumb\":{\"@id\":\"https:\\\/\\\/grch.esg.uqam.ca\\\/en\\\/contact-us\\\/#breadcrumb\"},\"inLanguage\":\"en-US\",\"potentialAction\":[{\"@type\":\"ReadAction\",\"target\":[\"https:\\\/\\\/grch.esg.uqam.ca\\\/en\\\/contact-us\\\/\"]}]},{\"@type\":\"BreadcrumbList\",\"@id\":\"https:\\\/\\\/grch.esg.uqam.ca\\\/en\\\/contact-us\\\/#breadcrumb\",\"itemListElement\":[{\"@type\":\"ListItem\",\"position\":1,\"name\":\"Accueil\",\"item\":\"https:\\\/\\\/grch.esg.uqam.ca\\\/en\\\/\"},{\"@type\":\"ListItem\",\"position\":2,\"name\":\"Contact us\"}]},{\"@type\":\"WebSite\",\"@id\":\"https:\\\/\\\/grch.esg.uqam.ca\\\/#website\",\"url\":\"https:\\\/\\\/grch.esg.uqam.ca\\\/\",\"name\":\"Groupe de recherche sur le capital humain\",\"description\":\"Groupe de recherche sur le capital humain\",\"potentialAction\":[{\"@type\":\"SearchAction\",\"target\":{\"@type\":\"EntryPoint\",\"urlTemplate\":\"https:\\\/\\\/grch.esg.uqam.ca\\\/?s={search_term_string}\"},\"query-input\":{\"@type\":\"PropertyValueSpecification\",\"valueRequired\":true,\"valueName\":\"search_term_string\"}}],\"inLanguage\":\"en-US\"}]}<\/script>\n<!-- \/ Yoast SEO plugin. -->","yoast_head_json":{"title":"Contact us - Groupe de recherche sur le capital humain - ESG UQAM","robots":{"index":"index","follow":"follow","max-snippet":"max-snippet:-1","max-image-preview":"max-image-preview:large","max-video-preview":"max-video-preview:-1"},"canonical":"https:\/\/grch.esg.uqam.ca\/en\/contact-us\/","og_locale":"en_US","og_type":"article","og_title":"Contact us - Groupe de recherche sur le capital humain - ESG UQAM","og_description":"To contact the Research Group on Human Capital, contact the Professor Marie Connolly, director of the Group, at the following address: Email connolly.marie@uqam.ca Phone (514) 987-3000 extension 0277 Fax (514) 987-8494 Mailing Address Universit\u00e9 du Qu\u00e9bec \u00e0 Montr\u00e9al Economics Department, Research Group on Human Capital Case postale 8888, Succ. Centre-Ville Montreal QC CANADA H3C 3P8 [&hellip;]","og_url":"https:\/\/grch.esg.uqam.ca\/en\/contact-us\/","og_site_name":"Groupe de recherche sur le capital humain","article_modified_time":"2023-05-12T17:16:29+00:00","twitter_card":"summary_large_image","twitter_misc":{"Est. reading time":"1 minute"},"schema":{"@context":"https:\/\/schema.org","@graph":[{"@type":"WebPage","@id":"https:\/\/grch.esg.uqam.ca\/en\/contact-us\/","url":"https:\/\/grch.esg.uqam.ca\/en\/contact-us\/","name":"Contact us - Groupe de recherche sur le capital humain - ESG UQAM","isPartOf":{"@id":"https:\/\/grch.esg.uqam.ca\/#website"},"datePublished":"2018-05-30T15:41:29+00:00","dateModified":"2023-05-12T17:16:29+00:00","breadcrumb":{"@id":"https:\/\/grch.esg.uqam.ca\/en\/contact-us\/#breadcrumb"},"inLanguage":"en-US","potentialAction":[{"@type":"ReadAction","target":["https:\/\/grch.esg.uqam.ca\/en\/contact-us\/"]}]},{"@type":"BreadcrumbList","@id":"https:\/\/grch.esg.uqam.ca\/en\/contact-us\/#breadcrumb","itemListElement":[{"@type":"ListItem","position":1,"name":"Accueil","item":"https:\/\/grch.esg.uqam.ca\/en\/"},{"@type":"ListItem","position":2,"name":"Contact us"}]},{"@type":"WebSite","@id":"https:\/\/grch.esg.uqam.ca\/#website","url":"https:\/\/grch.esg.uqam.ca\/","name":"Groupe de recherche sur le capital humain","description":"Groupe de recherche sur le capital humain","potentialAction":[{"@type":"SearchAction","target":{"@type":"EntryPoint","urlTemplate":"https:\/\/grch.esg.uqam.ca\/?s={search_term_string}"},"query-input":{"@type":"PropertyValueSpecification","valueRequired":true,"valueName":"search_term_string"}}],"inLanguage":"en-US"}]}},"_links":{"self":[{"href":"https:\/\/grch.esg.uqam.ca\/en\/wp-json\/wp\/v2\/pages\/180","targetHints":{"allow":["GET"]}}],"collection":[{"href":"https:\/\/grch.esg.uqam.ca\/en\/wp-json\/wp\/v2\/pages"}],"about":[{"href":"https:\/\/grch.esg.uqam.ca\/en\/wp-json\/wp\/v2\/types\/page"}],"author":[{"embeddable":true,"href":"https:\/\/grch.esg.uqam.ca\/en\/wp-json\/wp\/v2\/users\/315"}],"replies":[{"embeddable":true,"href":"https:\/\/grch.esg.uqam.ca\/en\/wp-json\/wp\/v2\/comments?post=180"}],"version-history":[{"count":8,"href":"https:\/\/grch.esg.uqam.ca\/en\/wp-json\/wp\/v2\/pages\/180\/revisions"}],"predecessor-version":[{"id":3058,"href":"https:\/\/grch.esg.uqam.ca\/en\/wp-json\/wp\/v2\/pages\/180\/revisions\/3058"}],"wp:attachment":[{"href":"https:\/\/grch.esg.uqam.ca\/en\/wp-json\/wp\/v2\/media?parent=180"}],"curies":[{"name":"wp","href":"https:\/\/api.w.org\/{rel}","templated":true}]}}