{"id":2031,"date":"2021-08-31T10:31:07","date_gmt":"2021-08-31T14:31:07","guid":{"rendered":"https:\/\/grch.esg.uqam.ca\/?page_id=2031"},"modified":"2023-07-28T11:13:03","modified_gmt":"2023-07-28T15:13:03","slug":"media-summary","status":"publish","type":"page","link":"https:\/\/grch.esg.uqam.ca\/en\/media-summary\/","title":{"rendered":"Media Summary"},"content":{"rendered":"\n<p><\/p>\n\n\n\n<p>2023-05-10, Agence France Presse, Acfas: Avanc\u00e9e de la pauvret\u00e9, recul de la sant\u00e9<\/p>\n\n\n\n<p>2023-05-09, Patrick Lagac\u00e9 au 98,5FM, La sous-scolarisation des hommes et le choix de profession des femmes<\/p>\n\n\n\n<p>2023-04-30, Les As de l\u2019info : Il faut agir pour aider les gar\u00e7ons \u00e0 l\u2019\u00e9cole, article par Daphn\u00e9e Hacker B<\/p>\n\n\n\n<p>2023-04-25, Place aux lecteurs : Le tabou de l\u2019in\u00e9galit\u00e9 scolaire des gar\u00e7ons, <a href=\"https:\/\/www.lapresse.ca\/debats\/courrier-des-lecteurs\/2023-04-25\/place-aux-lecteurs\/le-taboude-l-inegalite-scolaire-des-garcons.php\" class=\"ek-link\">h<\/a><a href=\"\/\/www.lapresse.ca\/debats\/courrier-des-lecteurs\/2023-04-25\/place-aux-lecteurs\/le-taboude- l-inegalite-scolaire-des-garcons.php\" class=\"ek-link\">ttps:\/\/www.lapresse.ca\/debats\/courrier-des-lecteurs\/2023-04-25\/place-aux-lecteurs\/le-taboude- l-inegalite-scolaire-des-garcons.php<\/a><\/p>\n\n\n\n<p>2023-04-24, TDAH : taux de diagnostics deux fois plus important en r\u00e9gion, article par Daphn\u00e9e Dion-Viens, <a href=\"https:\/\/www.journaldequebec.com\/2023\/04\/24\/tdah-taux-dediagnostic-deux-fois-plus-important-en-region\" class=\"ek-link\">https:\/\/www.journaldequebec.com\/2023\/04\/24\/tdah-taux-dediagnostic-deux-fois-plus-important-en-region<\/a><\/p>\n\n\n\n<p>2023-04-23, Le tabou de l\u2019in\u00e9galit\u00e9 scolaire des gar\u00e7ons, article par Yves Boisvert, <a href=\"https:\/\/www.lapresse.ca\/contexte\/2023-04-23\/le-tabou-de-l-inegalite-scolaire-desgarcons.%20php\" class=\"ek-link\">https:\/\/www.lapresse.ca\/contexte\/2023-04-23\/le-tabou-de-l-inegalite-scolaire-desgarcons.%20php<\/a><\/p>\n\n\n\n<p>2023-02-24, Trois experts de l\u2019UQAM cit\u00e9s dans le Rapport \u00e9conomique du pr\u00e9sident Biden, article par Marie-Claude Bourdon, <a href=\"https:\/\/actualites.uqam.ca\/2023\/trois-experts-deluqam-cites-dans-le-rapport-economique-du-president-biden\/\" class=\"ek-link\">https:\/\/actualites.uqam.ca\/2023\/trois-experts-deluqam-cites-dans-le-rapport-economique-du-president-biden\/<\/a><\/p>\n\n\n\n<p>2023-03-21, 2023 Economic Report for the President of the United States, citation au Chapitre 6, <a href=\"https:\/\/www.whitehouse.gov\/wp-content\/uploads\/2023\/03\/ERP-2023.pdf\">https:\/\/www.whitehouse.gov\/wp-content\/uploads\/2023\/03\/ERP-2023.pdf<\/a><\/p>\n\n\n\n<p>2023-03-20, Le Journal de Montr\u00e9al, Trop d\u2019hommes d\u00e9laissent l\u2019universit\u00e9 et seront priv\u00e9s des bons emplois de demain, selon un ex-recteur, article par Mathieu-Robert Sauv\u00e9, <a href=\"https:\/\/www.journaldemontreal.com\/2023\/03\/20\/trop-dhommes-delaissent-luniversite-etseront-prives-des-bons-emplois-de-demain-selon-un-ex-recteur\" class=\"ek-link\">https:\/\/www.journaldemontreal.com\/2023\/03\/20\/trop-dhommes-delaissent-luniversite-etseront-prives-des-bons-emplois-de-demain-selon-un-ex-recteur<\/a><\/p>\n\n\n\n<p>2023-03-20, QUB Radio, Entrevue donn\u00e9e par Robert Lacroix avec Philippe-Vincent Foisy portant sur notre livre para\u00eetre<\/p>\n\n\n\n<p>2023-03-01, Le Journal de Montr\u00e9al, \u00c9ducation : les Qu\u00e9b\u00e9cois sont les champions du redoublement au Canada, article par Pascal Dugas Bourdon<\/p>\n\n\n\n<p>2023-01-27, La Presse, Des b\u00e9b\u00e9s de classe diagnostiqu\u00e9s \u00e0 tort, article de Katia Gagnon, <a href=\"https:\/\/www.lapresse.ca\/actualites\/education\/2023-01-27\/tdah\/des-bebesde-classediagnostiques-a-tort.php\" class=\"ek-link\">https:\/\/www.lapresse.ca\/actualites\/education\/2023-01-27\/tdah\/des-bebesde-classediagnostiques-a-tort.php<\/a><\/p>\n\n\n\n<p>2023-01-22, La Presse, Le TDAH au f\u00e9minin, article de Mathieu Perreault,<\/p>\n\n\n\n<p>2023-01-20, Journal de Montr\u00e9al, Le bulletin chiffr\u00e9 : un <a href=\"http:\/\/probl.me\/\" class=\"ek-link\">probl\u00e8me<\/a> parmi tant d\u2019autres, article de Simon Landry, <a href=\"https:\/\/www.journaldemontreal.com\/2023\/01\/20\/lebulletin-chiffreun-probleme-parmi-tant-dautres\" class=\"ek-link\">https:\/\/www.journaldemontreal.com\/2023\/01\/20\/lebulletin-chiffreun-probleme-parmi-tant-dautres<\/a><\/p>\n\n\n\n<p>2023-01-20, QUB Radio &#8211; Entrevue avec Simon Landry l\u2019\u00e9mission de Philippe-Vincent Foisy, &#8211; <a href=\"https:\/\/www.journaldemontreal.com\/2023\/01\/20\/le-bulletin-chiffre-unproblemeparmi-tant-dautres\" class=\"ek-link\">https:\/\/www.journaldemontreal.com\/2023\/01\/20\/le-bulletin-chiffre-unproblemeparmi-tant-dautres<\/a><\/p>\n\n\n\n<p>2023-02-13, Documentaire L\u2019\u00e9cole Autrement du r\u00e9alisateur Erik Simon (entrevue non film\u00e9e avec Erik Simon)<\/p>\n\n\n\n<p>2023-01-19, La Presse +, Les b\u00e9b\u00e9s de classe plus souvent \u00e9tiquet\u00e9s TDAH, article de Katia Gagnon, <a href=\"https:\/\/www.lapresse.ca\/actualites\/education\/2023-01-19\/lesbebes-de-classeplus-souvent-etiquetes-tdah.php\" class=\"ek-link\">https:\/\/www.lapresse.ca\/actualites\/education\/2023-01-19\/lesbebes-de-classeplus-souvent-etiquetes-tdah.php<\/a><\/p>\n\n\n\n<p>2023-01-19, ICI Radio-Canada -Saguenay-Lac-St-Jean, Plus de diagnostics de TDAH chez les b\u00e9b\u00e9s de la classe Article de M\u00e9lyssa Gagnon,<\/p>\n\n\n\n<p>2023-01-19, Journal de Montr\u00e9al, TDAH: une r\u00e9flexion qu\u00e9b\u00e9coise s\u2019impose, article de<\/p>\n\n\n\n<p>Pierre C Poulin <a href=\"https:\/\/www.journaldemontreal.com\/2023\/01\/19\/tdah-unereflexionquebecoise-simposesmedecin-medicaments-guy-falardeau\" class=\"ek-link\">https:\/\/www.journaldemontreal.com\/2023\/01\/19\/tdah-unereflexionquebecoise-simposesmedecin-medicaments-guy-falardeau<\/a><\/p>\n\n\n\n<p>2023-01-19, Radio Canada, Le surdiagnostic de TDAH chez les jeunes.<\/p>\n\n\n\n<p>2023-01-19, TVA Nouvelles (site web r\u00e9f.), Surdiagnostic du TDAH chez les plus jeunes, article de Charel Traversy, <a href=\"https:\/\/www.tvanouvelles.ca\/2023\/01\/19\/surdiagnosticdu-\" class=\"ek-link\">https:\/\/www.tvanouvelles.ca\/2023\/01\/19\/surdiagnosticdu-tdah-chez-les-plus-jeunes<\/a><\/p>\n\n\n\n<p>2023-01-19, \u00e9mission Tout un matin \u2013 Radio Canada, Entrevue est avec Dr Guy Falardeau, m\u00e9decin \u00e0 la retraite : <a href=\"https:\/\/ici.radiocanada.ca\/ohdio\/premiere\/emissions\/tout-unmatin\/segments\/entrevue\/429497\/troubledeficit-attention-hyperactivite-surdiagnostic-enfants\" class=\"ek-link\">https:\/\/ici.radiocanada.ca\/ohdio\/premiere\/emissions\/tout-unmatin\/segments\/entrevue\/429497\/troubledeficit-attention-hyperactivite-surdiagnostic-enfants<\/a><\/p>\n\n\n\n<p>2023-01-19, \u00e9mission Midi-Info &#8211; Radio-Canada, Diagnostic et TDAH des jeunes :Entrevue avec la Dre Val\u00e9rie Labb\u00e9 <a href=\"https:\/\/ici.radiocanada.ca\/ohdio\/premiere\/emissions\/midiinfo\/episodes\/681749\/rattrapage-du-jeudi-19-janvier-2023\/8\" class=\"ek-link\">https:\/\/ici.radiocanada.ca\/ohdio\/premiere\/emissions\/midiinfo\/episodes\/681749\/rattrapage-du-jeudi-19-janvier-2023\/8<\/a><\/p>\n\n\n\n<p>2023-01-19, Le Qu\u00e9bec maintenant &#8211; 98,5 FM, Surdiagnostic de TDAH en fonction de l&#8217;\u00e2ge?\u2013 Entrevue entre Patrick Lagac. et Katia Gagnon &#8211;<\/p>\n\n\n\n<p>2023-01-19, \u00c9mission En direct \u2013 Mauricie- Centre du Qu\u00e9bec \u2013 Radio Canada, Le surdiagnostic de TDAH chez les jeunes <a href=\"https:\/\/ici.radiocanada.ca\/ohdio\/premiere\/emissions\/tout-unmatin\/\" class=\"ek-link\">segments\/entrevue\/429497\/troubledeficit-attention-hyperactivite-surdiagnostic-enfants<\/a><\/p>\n\n\n\n<p>\u2022 2023-01-19, .mission Premi.re heure &#8211; Radio-Canada, Trop de diagnostic de TDAH chez les plus jeunes l&#8217;\u00e9l\u00e8ves? <a href=\"https:\/\/ici.radiocanada.ca\/ohdio\/premiere\/emissions\/premiereheure\/segments\/entrevue\/429474\/troubleattention-ecole-eleves-etudiants\" class=\"ek-link\">https:\/\/ici.radiocanada.ca\/ohdio\/premiere\/emissions\/premiereheure\/segments\/entrevue\/429474\/troubleattention-ecole-eleves-etudiants<\/a><\/p>\n\n\n\n<p>2023-01-19, TVA Nouvelles, <a href=\"https:\/\/www.tvanouvelles.ca\/2023\/01\/19\/surdiagnosticdu-tdahchez-les-plus-jeunes\" class=\"ek-link\">https:\/\/www.tvanouvelles.ca\/2023\/01\/19\/surdiagnosticdu-tdahchez-les-plus-jeunes<\/a><\/p>\n\n\n\n<p>2021-12-28, Maclean\u2019s,&nbsp;<a href=\"https:\/\/www.macleans.ca\/economy\/health-family-population-trends-2022\/\" target=\"_blank\" rel=\"noreferrer noopener\">13 charts to watch on health, families and population in 2022<\/a><\/p>\n\n\n\n<p>2021-11-19, Le Soleil,&nbsp;<a href=\"https:\/\/www.lesoleil.com\/2021\/11\/12\/la-grande-semaine-des-tout-petits-une-6e-edition-consacree-a-la-prevention-et-a-la-bienveillance-888744c122f436f7204d3b850e875631\">La Grande Semaine des Petits-Petits, a 6th edition dedicated to prevention and kindness<\/a><\/p>\n\n\n\n<p>2021-08-31, The Conversation,&nbsp;<a href=\"https:\/\/theconversation.com\/covid-19-back-to-school-qanda-is-it-safe-for-unvaccinated-children-to-go-to-school-in-person-is-the-harm-of-school-closures-greater-than-the-risk-of-the-virus-166870\" target=\"_blank\" rel=\"noreferrer noopener\">COVID-19 back to school Q&amp;A: Is it safe for unvaccinated children to go to school in person? Is the harm of school closures greater than the risk of the virus?<\/a>, co-written with Joanna-Trees Merckx, Dimitri Van der Linden, and Jay Kaufman<\/p>\n\n\n\n<p>2021-07-09, Radio-Canada CBC Toronto, radio interview at 4:20 p.m. with Marjorie April<\/p>\n\n\n\n<p>2021-07-01,&nbsp;<a href=\"https:\/\/www.journaldemontreal.com\/2021\/07\/01\/covid-19-comment-la-pandemie-a-impacte-les-enfants\" target=\"_blank\" rel=\"noreferrer noopener\">Journal de Montr\u00e9al,&nbsp;<\/a><a href=\"https:\/\/www.journaldemontreal.com\/2021\/07\/01\/covid-19-comment-la-pandemie-a-impacte-les-enfants\">COVID-19: consequences of the pandemic on children<\/a><\/p>\n\n\n\n<p>2021-06-22, CBC News,&nbsp;<a href=\"https:\/\/www.cbc.ca\/news\/canada\/montreal\/school-year-quebec-covid-1.6074424\" target=\"_blank\" rel=\"noreferrer noopener\">&#8216;Just keep swimming&#8217;: How students and teachers in Quebec kept schools open despite the pandemic<\/a>, written by Jonathan Montpetit,&nbsp;<a href=\"https:\/\/www.cbc.ca\/news\/canada\/montreal\/school-year-quebec-covid-1.6074424\" target=\"_blank\" rel=\"noreferrer noopener\">https:\/\/www.cbc.ca\/news\/canada\/montreal\/school-year-quebec-covid-1.6074424<\/a><\/p>\n\n\n\n<p>2021-06-21, ESG News, Catherine Haeck collaborates in the creation of the new Observatory for the education and health of children,&nbsp;<a href=\"https:\/\/nouvelles.esg.uqam.ca\/2021\/catherine-haeck-collabore-nouvel-observatoire-pour-leducation-sante-enfants\" target=\"_blank\" rel=\"noreferrer noopener\">https:\/\/nouvelles.esg.uqam.ca\/2021\/catherine-haeck-collabore-nouvel-observatoire-pour-leducation-sante-enfants<\/a><\/p>\n\n\n\n<p>2021-06-18, La Presse,&nbsp;<a href=\"https:\/\/www.lapresse.ca\/debats\/opinions\/2021-06-18\/projet-de-loi-83-et-migrants-a-statut-precaire\/les-femmes-enceintes-oubliees.php\" target=\"_blank\" rel=\"noreferrer noopener\">Les femmes enceintes oubli\u00e9es<\/a>,&nbsp;<a href=\"https:\/\/www.lapresse.ca\/debats\/opinions\/2021-06-18\/projet-de-loi-83-et-migrants-a-statut-precaire\/les-femmes-enceintes-oubliees.php\" target=\"_blank\" rel=\"noreferrer noopener\">https:\/\/www.lapresse.ca\/debats\/opinions\/2021-06-18\/projet-de-loi-83-et-migrants-a-statut-precaire\/les-femmes-enceintes-oubliees.php<\/a><\/p>\n\n\n\n<p>2021-06-15, Actualit\u00e9 UQAM,&nbsp;<a href=\"https:\/\/www.actualites.uqam.ca\/2021\/un-nouvel-observatoire-pour-comprendre-impact-de-la-pandemie-sur-les-enfants\" target=\"_blank\" rel=\"noreferrer noopener\">L\u2019impact de la pand\u00e9mie sur les enfants<\/a>,&nbsp;<a href=\"https:\/\/www.actualites.uqam.ca\/2021\/un-nouvel-observatoire-pour-comprendre-impact-de-la-pandemie-sur-les-enfants\" target=\"_blank\" rel=\"noreferrer noopener\">https:\/\/www.actualites.uqam.ca\/2021\/un-nouvel-observatoire-pour-comprendre-impact-de-la-pandemie-sur-les-enfants<\/a><\/p>\n\n\n\n<p>2021-06-12, Radio Canada (vid\u00e9o),&nbsp;<a href=\"https:\/\/fb.watch\/64or7Dz5ft\/\" target=\"_blank\" rel=\"noreferrer noopener\">P\u00e9nurie de places en garderie&nbsp;: Quelles cons\u00e9quences?<\/a>, avec Alessandra Rigano,&nbsp;<a href=\"https:\/\/www.facebook.com\/radpointca\/videos\/783489005677440\/?extid=NS-UNK-UNK-UNK-IOS_GK0T-GK1C\" target=\"_blank\" rel=\"noreferrer noopener\">https:\/\/www.facebook.com\/radpointca\/videos\/783489005677440\/?extid=NS-UNK-UNK-UNK-IOS_GK0T-GK1C<\/a><\/p>\n\n\n\n<p>2021-04-20, National Post, Danielle Kubes: Universal daycare bad for women, children and the economy, written by Danielle Kubes. This article references my work, but the author never contacted me. The main conclusions are incomplete which is misleading, and there is a lack of understanding about how parents react to different form of financial incentives. Also, it is not true that changes in the labour force of other groups, such as men, have not been accounted for in papers documenting the impact on the labour force. But I totally agree that mothers should remain free to decide whether to use or not the services, but providing the service by lowering the requirements is certainly not something we should envisioned. Finally, the Quebec childcare reform did not produce more criminals, crime rates elsewhere in the country decreased while it remained stable in Quebec. This is a rather different story\u2026<\/p>\n\n\n\n<p>2021-04-20, CBC radio&#8217;s Ottawa Morning (radio), topic: Childcare and the 2021 Federal Budget, time 7h10 am<\/p>\n\n\n\n<p>2021-04-19,&nbsp;<a href=\"https:\/\/www.cbc.ca\/player\/play\/1887447107828\" target=\"_blank\" rel=\"noreferrer noopener\">CBC Canada Tonight<\/a>&nbsp;(t\u00e9l\u00e9vision), hosted by Ginella Massa, topic: Childcare and the 2021 Federal Budget, time 20h05<\/p>\n\n\n\n<p>2021-04-19, CBC Power &amp; Politics (t\u00e9l\u00e9vision), hosted by Vassy Kapelos, topic: Childcare and the 2021 Federal Budget, time 19h10<\/p>\n\n\n\n<p>2021-04-17,&nbsp;<a href=\"https:\/\/www.cbc.ca\/player\/play\/1886557763913\/\" target=\"_blank\" rel=\"noreferrer noopener\">The House<\/a>&nbsp;(t\u00e9l\u00e9vision), hosted by Salimah Shivji,&nbsp;<a href=\"https:\/\/www.cbc.ca\/radio\/thehouse\/child-care-2021-federal-budget-1.5990293\" target=\"_blank\" rel=\"noreferrer noopener\">Child care experts say they&#8217;re looking for sustained funding in federal budget<\/a><\/p>\n\n\n\n<p>2021-04-17,&nbsp;<a href=\"https:\/\/www.cbc.ca\/radio\/thehouse\/cbc-the-house-april-17-2021-1.5990291\" target=\"_blank\" rel=\"noreferrer noopener\">CBC News<\/a>&nbsp;(radio), hosted by Chris Hall, Is the pandemic a turning point for child care in Canada?<\/p>\n\n\n\n<p>2021-03-23, ICI Radio-Canada, T\u00e9l\u00e9journal de Qu\u00e9bec,&nbsp;<a href=\"https:\/\/mms.tveyes.com\/mediaview\/?U3RhdGlvbj0xNTQ4MCZTdGFydERhdGVUaW1lPTAzJTJGMjMlMkYyMDIxJTIwMTglM0EzMSUzQTQzJkVuZERhdGVUaW1lPTAzJTJGMjMlMkYyMDIxJTIwMTglM0E0MSUzQTQzJlBsYXlTdGFydFJlZ2V4PSU1Q2JDYXRoZXJpbmUlMjBIYWVjayU1Q2ImUGxheVN0YXJ0UmVnZXhQcmVyb2xsPTE1JkR1cmF0aW9uPTI5OTY1OSZQYXJ0bmVySUQ9NzMxMyZFeHBpcmF0aW9uPTAzJTJGMjQlMkYyMDIxJTIwMjElM0E0NCUzQTM2JkhpZ2hsaWdodFJlZ2V4PSU1Q2JDYXRoZXJpbmUlMjBIYWVjayU1Q2ImTW9kRWRpdG9yRW5hYmxlPXRydWUmTW9kRWRpdG9yRGVzdGluYXRpb25zPTQmc2lnbmF0dXJlPWY4N2U2M2UwZjQ4Nzg4ODRmZmEzZjA1NzJjYTQ3M2Nk\" target=\"_blank\" rel=\"noreferrer noopener\">La taxation des boissons sucr\u00e9es au Qu\u00e9bec<\/a><\/p>\n\n\n\n<p>2021-03-23, ICI RDI, Zone \u00c9conomie<a href=\"https:\/\/mms.tveyes.com\/mediaview\/?U3RhdGlvbj0xOTk1NSZTdGFydERhdGVUaW1lPTAzJTJGMjQlMkYyMDIxJTIwMDIlM0ExNyUzQTM2JkVuZERhdGVUaW1lPTAzJTJGMjQlMkYyMDIxJTIwMDIlM0EyNyUzQTM2JlBsYXlTdGFydD0wMyUyRjI0JTJGMjAyMSUyMDAyJTNBMjAlM0EwNyZQbGF5U3RvcD0wMyUyRjI0JTJGMjAyMSUyMDAyJTNBMjUlM0EwNCZQYXJ0bmVySUQ9NzMxMyZFeHBpcmF0aW9uPTAzJTJGMjQlMkYyMDIxJTIwMjElM0E0NiUzQTAxJkhpZ2hsaWdodFJlZ2V4PSZNb2RFZGl0b3JFbmFibGU9dHJ1ZSZNb2RFZGl0b3JEZXN0aW5hdGlvbnM9NCZzaWduYXR1cmU9MmUyM2Y5MDhlMDRkOTRmYTRhZDY3ZTlmNmI1NGZmMzc=\" target=\"_blank\" rel=\"noreferrer noopener\">, La taxation des boissons sucr\u00e9es au Qu\u00e9bec<\/a>, avec G\u00e9rald Filion<\/p>\n\n\n\n<p>2021-03-23, Radio Canada, 17h45, La taxation des boissons sucr\u00e9es au Qu\u00e9bec, C\u2019est encore mieux l\u2019apr\u00e8s-midi, avec Guillaume Dumas<\/p>\n\n\n\n<p>2021-03-23, CBC News Qu\u00e9bec, 17h00, Soft drink taxation in Qu\u00e9bec, avec Peter Tardif<\/p>\n\n\n\n<p>2021-03-20, La Presse, Un bon \u00ab&nbsp;Coke&nbsp;\u00bb pour d\u00e9jeuner?, \u00e9crit par Francis Vailles,&nbsp;<a href=\"https:\/\/www.lapresse.ca\/affaires\/economie\/2021-03-20\/un-bon-coke-pour-dejeuner.php\" target=\"_blank\" rel=\"noreferrer noopener\">https:\/\/www.lapresse.ca\/affaires\/economie\/2021-03-20\/un-bon-coke-pour-dejeuner.php<\/a><\/p>\n\n\n\n<p>2021-02-12, Le Journal de Qu\u00e9bec,&nbsp;Palmar\u00e8s des c\u00e9geps du Journal: des \u00e9tablissements surpassent les attentes, \u00e9crit par Daphn\u00e9e Dion-Viens,&nbsp;<a href=\"https:\/\/www.journaldequebec.com\/2021\/02\/12\/un-palmares-des-cegeps-du-journal-revu-et-ameliore\" target=\"_blank\" rel=\"noreferrer noopener\">https:\/\/www.journaldequebec.com\/2021\/02\/12\/un-palmares-des-cegeps-du-journal-revu-et-ameliore<\/a><\/p>\n\n\n\n<p>2021-02-12, Palmar\u00e8s des CEGEP, \u00e9laboration de la nouvelle m\u00e9thodologie d\u00e9crite ici&nbsp;<a href=\"https:\/\/www.journaldequebec.com\/2020\/02\/15\/consultez-notre-carte-et-notre-tableau-du-palmares-des-cegeps\" target=\"_blank\" rel=\"noreferrer noopener\">https:\/\/www.journaldequebec.com\/2020\/02\/15\/consultez-notre-carte-et-notre-tableau-du-palmares-des-cegeps<\/a><\/p>\n\n\n\n<p>2021-02-11, L\u2019ascenseur social est-il en panne?, Balado 71 avec G\u00e9rald Fillion&nbsp;<a href=\"https:\/\/ici.radio-canada.ca\/premiere\/balados\/6942\/gerald-fillion-finance-economie-analyse\" target=\"_blank\" rel=\"noreferrer noopener\">https:\/\/ici.radio-canada.ca\/premiere\/balados\/6942\/gerald-fillion-finance-economie-analyse<\/a><\/p>\n\n\n\n<p>2021-01-19, La Presse, Savoir pourquoi nos enfants \u00e9chouent (ou pas), \u00e9crit par Francis Vailles,&nbsp;<a href=\"https:\/\/www.lapresse.ca\/affaires\/economie\/2021-01-18\/savoir-pourquoi-nos-enfants-echouent-ou-pas.php\" target=\"_blank\" rel=\"noreferrer noopener\">https:\/\/www.lapresse.ca\/affaires\/economie\/2021-01-18\/savoir-pourquoi-nos-enfants-echouent-ou-pas.php<\/a><\/p>\n\n\n\n<p>2021-01-14, The Aaron Rand Show, \u00c9mission de radio, 16h45, Rapid testing of COVID-19,&nbsp;<a href=\"https:\/\/www.iheartradio.ca\/cjad\/audio\/why-isn-t-quebec-using-the-1-2-million-rapid-tests-it-has-1.14372336?mode=Article\" target=\"_blank\" rel=\"noreferrer noopener\">https:\/\/www.iheartradio.ca\/cjad\/audio\/why-isn-t-quebec-using-the-1-2-million-rapid-tests-it-has-1.14372336?mode=Article<\/a><\/p>\n\n\n\n<p>Check out the&nbsp;<a href=\"https:\/\/grch.esg.uqam.ca\/en\/media-summary-archive\/\">Media Summary Archive<\/a>&nbsp;for older articles.<\/p>\n","protected":false},"excerpt":{"rendered":"<p>2023-05-10, Agence France Presse, Acfas: Avanc\u00e9e de la pauvret\u00e9, recul de la sant\u00e9 2023-05-09, Patrick Lagac\u00e9 au 98,5FM, La sous-scolarisation des hommes et le choix de profession des femmes 2023-04-30, Les As de l\u2019info : Il faut agir pour aider les gar\u00e7ons \u00e0 l\u2019\u00e9cole, article par Daphn\u00e9e Hacker B 2023-04-25, Place aux lecteurs : Le [&hellip;]<\/p>\n","protected":false},"author":725,"featured_media":0,"parent":0,"menu_order":0,"comment_status":"closed","ping_status":"closed","template":"","meta":{"_editorskit_title_hidden":false,"_editorskit_reading_time":0,"_editorskit_is_block_options_detached":false,"_editorskit_block_options_position":"{}","footnotes":""},"class_list":["post-2031","page","type-page","status-publish","hentry"],"yoast_head":"<!-- This site is optimized with the Yoast SEO plugin v27.4 - https:\/\/yoast.com\/product\/yoast-seo-wordpress\/ -->\n<title>Media Summary - Groupe de recherche sur le capital humain - ESG UQAM<\/title>\n<meta name=\"robots\" content=\"index, follow, max-snippet:-1, max-image-preview:large, max-video-preview:-1\" \/>\n<link rel=\"canonical\" href=\"https:\/\/grch.esg.uqam.ca\/en\/media-summary\/\" \/>\n<meta property=\"og:locale\" content=\"en_US\" \/>\n<meta property=\"og:type\" content=\"article\" \/>\n<meta property=\"og:title\" content=\"Media Summary - Groupe de recherche sur le capital humain - ESG UQAM\" \/>\n<meta property=\"og:description\" content=\"2023-05-10, Agence France Presse, Acfas: Avanc\u00e9e de la pauvret\u00e9, recul de la sant\u00e9 2023-05-09, Patrick Lagac\u00e9 au 98,5FM, La sous-scolarisation des hommes et le choix de profession des femmes 2023-04-30, Les As de l\u2019info : Il faut agir pour aider les gar\u00e7ons \u00e0 l\u2019\u00e9cole, article par Daphn\u00e9e Hacker B 2023-04-25, Place aux lecteurs : Le [&hellip;]\" \/>\n<meta property=\"og:url\" content=\"https:\/\/grch.esg.uqam.ca\/en\/media-summary\/\" \/>\n<meta property=\"og:site_name\" content=\"Groupe de recherche sur le capital humain\" \/>\n<meta property=\"article:modified_time\" content=\"2023-07-28T15:13:03+00:00\" \/>\n<meta name=\"twitter:card\" content=\"summary_large_image\" \/>\n<meta name=\"twitter:label1\" content=\"Est. reading time\" \/>\n\t<meta name=\"twitter:data1\" content=\"6 minutes\" \/>\n<script type=\"application\/ld+json\" class=\"yoast-schema-graph\">{\"@context\":\"https:\\\/\\\/schema.org\",\"@graph\":[{\"@type\":\"WebPage\",\"@id\":\"https:\\\/\\\/grch.esg.uqam.ca\\\/en\\\/media-summary\\\/\",\"url\":\"https:\\\/\\\/grch.esg.uqam.ca\\\/en\\\/media-summary\\\/\",\"name\":\"Media Summary - Groupe de recherche sur le capital humain - ESG UQAM\",\"isPartOf\":{\"@id\":\"https:\\\/\\\/grch.esg.uqam.ca\\\/#website\"},\"datePublished\":\"2021-08-31T14:31:07+00:00\",\"dateModified\":\"2023-07-28T15:13:03+00:00\",\"breadcrumb\":{\"@id\":\"https:\\\/\\\/grch.esg.uqam.ca\\\/en\\\/media-summary\\\/#breadcrumb\"},\"inLanguage\":\"en-US\",\"potentialAction\":[{\"@type\":\"ReadAction\",\"target\":[\"https:\\\/\\\/grch.esg.uqam.ca\\\/en\\\/media-summary\\\/\"]}]},{\"@type\":\"BreadcrumbList\",\"@id\":\"https:\\\/\\\/grch.esg.uqam.ca\\\/en\\\/media-summary\\\/#breadcrumb\",\"itemListElement\":[{\"@type\":\"ListItem\",\"position\":1,\"name\":\"Accueil\",\"item\":\"https:\\\/\\\/grch.esg.uqam.ca\\\/en\\\/\"},{\"@type\":\"ListItem\",\"position\":2,\"name\":\"Media Summary\"}]},{\"@type\":\"WebSite\",\"@id\":\"https:\\\/\\\/grch.esg.uqam.ca\\\/#website\",\"url\":\"https:\\\/\\\/grch.esg.uqam.ca\\\/\",\"name\":\"Groupe de recherche sur le capital humain\",\"description\":\"Groupe de recherche sur le capital humain\",\"potentialAction\":[{\"@type\":\"SearchAction\",\"target\":{\"@type\":\"EntryPoint\",\"urlTemplate\":\"https:\\\/\\\/grch.esg.uqam.ca\\\/?s={search_term_string}\"},\"query-input\":{\"@type\":\"PropertyValueSpecification\",\"valueRequired\":true,\"valueName\":\"search_term_string\"}}],\"inLanguage\":\"en-US\"}]}<\/script>\n<!-- \/ Yoast SEO plugin. -->","yoast_head_json":{"title":"Media Summary - Groupe de recherche sur le capital humain - ESG UQAM","robots":{"index":"index","follow":"follow","max-snippet":"max-snippet:-1","max-image-preview":"max-image-preview:large","max-video-preview":"max-video-preview:-1"},"canonical":"https:\/\/grch.esg.uqam.ca\/en\/media-summary\/","og_locale":"en_US","og_type":"article","og_title":"Media Summary - Groupe de recherche sur le capital humain - ESG UQAM","og_description":"2023-05-10, Agence France Presse, Acfas: Avanc\u00e9e de la pauvret\u00e9, recul de la sant\u00e9 2023-05-09, Patrick Lagac\u00e9 au 98,5FM, La sous-scolarisation des hommes et le choix de profession des femmes 2023-04-30, Les As de l\u2019info : Il faut agir pour aider les gar\u00e7ons \u00e0 l\u2019\u00e9cole, article par Daphn\u00e9e Hacker B 2023-04-25, Place aux lecteurs : Le [&hellip;]","og_url":"https:\/\/grch.esg.uqam.ca\/en\/media-summary\/","og_site_name":"Groupe de recherche sur le capital humain","article_modified_time":"2023-07-28T15:13:03+00:00","twitter_card":"summary_large_image","twitter_misc":{"Est. reading time":"6 minutes"},"schema":{"@context":"https:\/\/schema.org","@graph":[{"@type":"WebPage","@id":"https:\/\/grch.esg.uqam.ca\/en\/media-summary\/","url":"https:\/\/grch.esg.uqam.ca\/en\/media-summary\/","name":"Media Summary - Groupe de recherche sur le capital humain - ESG UQAM","isPartOf":{"@id":"https:\/\/grch.esg.uqam.ca\/#website"},"datePublished":"2021-08-31T14:31:07+00:00","dateModified":"2023-07-28T15:13:03+00:00","breadcrumb":{"@id":"https:\/\/grch.esg.uqam.ca\/en\/media-summary\/#breadcrumb"},"inLanguage":"en-US","potentialAction":[{"@type":"ReadAction","target":["https:\/\/grch.esg.uqam.ca\/en\/media-summary\/"]}]},{"@type":"BreadcrumbList","@id":"https:\/\/grch.esg.uqam.ca\/en\/media-summary\/#breadcrumb","itemListElement":[{"@type":"ListItem","position":1,"name":"Accueil","item":"https:\/\/grch.esg.uqam.ca\/en\/"},{"@type":"ListItem","position":2,"name":"Media Summary"}]},{"@type":"WebSite","@id":"https:\/\/grch.esg.uqam.ca\/#website","url":"https:\/\/grch.esg.uqam.ca\/","name":"Groupe de recherche sur le capital humain","description":"Groupe de recherche sur le capital humain","potentialAction":[{"@type":"SearchAction","target":{"@type":"EntryPoint","urlTemplate":"https:\/\/grch.esg.uqam.ca\/?s={search_term_string}"},"query-input":{"@type":"PropertyValueSpecification","valueRequired":true,"valueName":"search_term_string"}}],"inLanguage":"en-US"}]}},"_links":{"self":[{"href":"https:\/\/grch.esg.uqam.ca\/en\/wp-json\/wp\/v2\/pages\/2031","targetHints":{"allow":["GET"]}}],"collection":[{"href":"https:\/\/grch.esg.uqam.ca\/en\/wp-json\/wp\/v2\/pages"}],"about":[{"href":"https:\/\/grch.esg.uqam.ca\/en\/wp-json\/wp\/v2\/types\/page"}],"author":[{"embeddable":true,"href":"https:\/\/grch.esg.uqam.ca\/en\/wp-json\/wp\/v2\/users\/725"}],"replies":[{"embeddable":true,"href":"https:\/\/grch.esg.uqam.ca\/en\/wp-json\/wp\/v2\/comments?post=2031"}],"version-history":[{"count":9,"href":"https:\/\/grch.esg.uqam.ca\/en\/wp-json\/wp\/v2\/pages\/2031\/revisions"}],"predecessor-version":[{"id":3187,"href":"https:\/\/grch.esg.uqam.ca\/en\/wp-json\/wp\/v2\/pages\/2031\/revisions\/3187"}],"wp:attachment":[{"href":"https:\/\/grch.esg.uqam.ca\/en\/wp-json\/wp\/v2\/media?parent=2031"}],"curies":[{"name":"wp","href":"https:\/\/api.w.org\/{rel}","templated":true}]}}