{"id":2039,"date":"2021-09-03T11:24:23","date_gmt":"2021-09-03T15:24:23","guid":{"rendered":"https:\/\/grch.esg.uqam.ca\/?page_id=2039"},"modified":"2021-09-03T11:25:31","modified_gmt":"2021-09-03T15:25:31","slug":"media-summary-archive","status":"publish","type":"page","link":"https:\/\/grch.esg.uqam.ca\/en\/media-summary-archive\/","title":{"rendered":"Media Summary Archive"},"content":{"rendered":"<p>&gt;Check out the most current (2021) <a href=\"https:\/\/grch.esg.uqam.ca\/en\/media-summary\/\">Media Summary<\/a>.<\/p>\n<h2>2020<\/h2>\n<p>2020-12-07, La Presse, <a href=\"https:\/\/www.lapresse.ca\/debats\/opinions\/2020-12-07\/covid-19\/agir-collectivement-pour-sauver-des-vies.php\">Agir collectivement pour sauver des vies<\/a><br \/>\n2020-11-22, La Presse,<a href=\"https:\/\/www.lapresse.ca\/actualites\/2020-11-22\/des-nouvelles-de-la-generation-sacrifiee.php\"> Des nouvelles de la \u00ab g\u00e9n\u00e9ration sacrifi\u00e9e \u00bb<\/a><br \/>\n2020-11-18, Actualit\u00e9s UQAM, <a href=\"https:\/\/www.actualites.uqam.ca\/2020\/catherine-haeck-remporte-le-prix-de-la-releve-professorale-ESG-UQAM\">Prix de la rel\u00e8ve professorale de l\u2019ESG UQAM<\/a><br \/>\n2020-11-16, Journal de Montr\u00e9al, <a href=\"http:\/\/petits, https:\/\/www.journaldemontreal.com\/2020\/11\/16\/la-covid-19-aura-des-consequences-a-long-terme-pour-les-tout-petits\" data-wplink-url-error=\"true\">La COVID aura-t-elle des cons\u00e9quences \u00e0 long terme pour les tout-petits<\/a><br \/>\n2020-10-03, La Presse, <a href=\"https:\/\/www.lapresse.ca\/affaires\/economie\/2020-10-03\/comment-profiter-de-la-covid-19-pour-effacer-la-penurie.php\">Comment profiter de la COVID-19 pour effacer la p\u00e9nurie<\/a><br \/>\n2020-10-01, Les Affaires, <a href=\"https:\/\/www.lesaffaires.com\/blogues\/l-economie-en-version-corsee\/2e-vague-vers-une-desorganisation-du-transport-en-commun\/620123\">2e vague : vers une d\u00e9sorganisation du transport en commun<\/a><br \/>\n2020-09-30, Journal de Montr\u00e9al, <a href=\"https:\/\/www.journaldemontreal.com\/2020\/10\/01\/qui-sont-les-sacrifies-et-les-rescapes-de-la-covid-19\">Qui sont les sacrifi\u00e9s et les rescap\u00e9s de la COVID-19<\/a><br \/>\n2020-09-28, TV5 Monde, Bulletin de nouvelles de 18 h 30, Les cong\u00e9s parentaux<br \/>\n2020-09-28, Les Affaires, <a href=\"https:\/\/www.lesaffaires.com\/blogues\/l-economie-en-version-corsee\/2e-vague-quels-metiers-risquent-d-etre-les-plus-touches\/620029\">2e vague : quels m\u00e9tiers risquent d\u2019\u00eatre les plus touch\u00e9s<\/a><br \/>\n2020-09-16, Canada NewsWire, Professions et industries: quels sont les risques de transmission de la COVID-19?<br \/>\n2020-09-23, The National, CBC News, <a href=\"http:\/\/www.cbc.ca\/1.5732441\">Schools scramble to make up for learning losses that have already occurred in the pandemic<\/a><br \/>\n2020-05-23, La Presse, <a href=\"https:\/\/www.lapresse.ca\/covid-19\/2020-05-23\/comparaison-pancanadienne-les-faux-responsables-de-l-hecatombe\">Comparaison pancanadienne : les faux responsables de l\u2019h\u00e9catombe<\/a><br \/>\n2020-05-14, Patrick Lagac\u00e9 au 98,5FM, <a href=\"https:\/\/www.fm1077.ca\/extraits-audios\/opinions\/307608\/lecole-annulee-dans-le-grand-montreal-on-prepare-un-plan-pour-lautomne-quen-pense-catherine-haeck-professeur-au-departement-des-sciences-economiques-de-luqam-specialiste-de-leconomie-de-leducation\">L\u2019\u00e9cole annul\u00e9e dans le Grand Montr\u00e9al, on pr\u00e9pare un plan pour l\u2019automne. Qu\u2019en pense Catherine Haeck<\/a><br \/>\n2020-04-29, Le Devoir, <a href=\"https:\/\/www.ledevoir.com\/opinion\/idees\/577879\/rouvrir-les-ecoles-pour-le-bien-etre-des-enfants\">Rouvrir les \u00e9coles pour le bien-\u00eatre des enfants<\/a><br \/>\n2020-04-21, Patrick Lagac\u00e9 au 98,5FM, <a href=\"https:\/\/www.985fm.ca\/extraits-audios\/opinions\/301302\/covid-19-quelle-est-la-place-des-enfants-dans-le-debat-actuel-catherine-haeck-professeur-a-luqam\">Covid-19: quelle est la place des enfants dans le d\u00e9bat actuel? Catherine Haeck<\/a><br \/>\n2020-02-19, Journal de Qu\u00e9bec, <a href=\"https:\/\/www.journaldequebec.com\/2020\/02\/16\/des-etudiants-pas-presses-dobtenir-leur-diplome\">Des \u00e9tudiants press\u00e9s d\u2019obtenir leur dipl\u00f4me<\/a><br \/>\n2020-02-19, Journal 24h (p.18), <a href=\"http:\/\/24heuresmontreal.newspaperdirect.com\/epaper\/viewer.aspx\">Des \u00e9tudiants press\u00e9s d\u2019obtenir leur dipl\u00f4me<\/a><br \/>\n2020-02-10, Actualit\u00e9 UQAM, <a href=\"https:\/\/www.actualites.uqam.ca\/2020\/renforcer-acces-aux-services-de-garde-educatifs\">Renforcer l&#8217;acc\u00e8s aux services de garde \u00e9ducatifs<\/a><br \/>\n2020-01-23, La Presse, <a href=\"https:\/\/www.lapresse.ca\/affaires\/202001\/14\/01-5256715-ca-narrivera-pas-en-2020-des-ecoles-privees-gratuites-partout.php\">\u00c7a n\u2019arrivera pas en 2020 des \u00e9coles priv\u00e9es gratuites partout<\/a><br \/>\n2020-01-10, Zone Franche (t\u00e9l\u00e9vision), <a href=\"https:\/\/zonefranche.telequebec.tv\/emissions\/329001\/l-ecole-secondaire-quebecoise-est-elle-elitiste\">L&#8217;\u00e9cole secondaire qu\u00e9b\u00e9coise est-elle \u00e9litiste?<\/a><\/p>\n<h2>2019<\/h2>\n<p>2019-12-19, Actualit\u00e9s UQAM, <a href=\"https:\/\/www.actualites.uqam.ca\/2019\/appellation-origine-controlee-du-champagne-la-valeur-du-terroir\">La valeur du terroir<\/a><br \/>\n2019-11-25, La Presse, <a href=\"https:\/\/www.lapresse.ca\/actualites\/201911\/24\/01-5251078-quand-la-classe-transforme-leleve.php\">Quand la classe transforme l\u2019\u00e9l\u00e8ve<\/a><br \/>\n2019-10-24, RDI \u00c9conomie (t\u00e9l\u00e9vision), <a href=\"https:\/\/ici.radio-canada.ca\/tele\/rdi-economie\/site\/segments\/reportage\/139448\/rdi-economie-entrevue-avec-catherine-haeck\">L\u2019effet \u00e9conomique de l\u2019\u00e9ducation<\/a><br \/>\n2019-10-15, Le Devoir, <a href=\"https:\/\/www.ledevoir.com\/opinion\/idees\/564756\/le-systeme-d-education-du-quebec-analyses-simplistes-et-conclusions-abusives\">Syst\u00e8me d\u2019\u00e9ducation: analyses simplistes, conclusions abusives<\/a><br \/>\n2019-05-19, La Presse, <a href=\"https:\/\/www.lapresse.ca\/debats\/chroniques\/francis-vailles\/201905\/19\/01-5226765-surtout-ne-pas-manquer-notre-coup.php\">Surtout ne pas manquer notre coup<\/a><br \/>\n2019-05-14, Le Devoir, <a href=\"https:\/\/www.ledevoir.com\/societe\/education\/554271\/maternelle-4-ans-10-enfants-par-classe-tant-mieux\">Les tout-petits \u00e9voluent mieux en petits groupes<\/a><br \/>\n2019-03-14, La Presse+, <a href=\"https:\/\/www.observatoiredesinegalites.com\/fr\/declaration-fondatrices-fondateurs\">Miser sur l\u2019\u00e9galit\u00e9, le rem\u00e8de miracle<\/a><\/p>\n<h2>2018<\/h2>\n<p>2018-10-04, Qu\u00e9bec Science, <a href=\"https:\/\/www.quebecscience.qc.ca\/sante\/avenir-se-jouait-dans-uterus\/\">Et si l\u2019avenir de chacun se jouait dans l\u2019ut\u00e9rus?<\/a><br \/>\n2018-12-07, Nouvelles ESG, <a href=\"https:\/\/nouvelles.esg.uqam.ca\/2018\/grand-rassemblement-pour-les-tout-petits\">Grand rassemblement pour les tout-petits<\/a><br \/>\n2018-11-30, Actualit\u00e9s UQAM, <a href=\"https:\/\/www.actualites.uqam.ca\/2018\/grand-rassemblement-pour-les-tout-petits\">Grand rassemblement pour les tout-petits<\/a><br \/>\n2018-10-29, La Presse, <a href=\"http:\/\/plus.lapresse.ca\/screens\/282730a9-0ac5-4979-b175-095f53807a37__7C___0.html?utm_medium=Email&amp;utm_campaign=Internal+Share&amp;utm_content=Screen\">Le Qu\u00e9bec en fait-il assez pour ses tout-petits<\/a><br \/>\n2018-10-29, La Presse, <a href=\"http:\/\/plus.lapresse.ca\/screens\/873ebf96-914f-4e59-9ee7-25df139f9b95__7C___0.html\">Pour un meilleur acc\u00e8s aux m\u00e9gadonn\u00e9es<\/a><br \/>\n2018-05-10, Ici Radio-Canada (Toronto), E\u0301tat des lieux sur les e\u0301carts de revenus entre les parents et les femmes et hommes sans enfant au Que\u0301bec et dans le reste du Canada<br \/>\n2018-05-10, Radio-Canada, Bonjour la c\u00f4te (Sept-\u00celes), <a href=\"https:\/\/ici.radio-canada.ca\/premiere\/emissions\/bonjour-la-cote\">E\u0301tat des lieux sur les e\u0301carts de revenus entre les parents et les femmes et hommes sans enfant au Que\u0301bec et dans le reste du Canada<\/a><br \/>\n2018-05-10, Radio-Canada, Phare Ouest (Vancouver), <a href=\"https:\/\/ici.radio-canada.ca\/premiere\/emissions\/phare-ouest\">E\u0301tat des lieux sur les e\u0301carts de revenus entre les parents et les femmes et hommes sans enfant au Que\u0301bec et dans le reste du Canada<\/a><br \/>\n2018-05-10, Radio-Canada (Winnipeg), Le 6 \u00e0 9 avec Louis-Philippe Leblanc, <a href=\"https:\/\/ici.radio-canada.ca\/premiere\/emissions\/le-6-a-9\">E\u0301tat des lieux sur les e\u0301carts de revenus entre les parents et les femmes et hommes sans enfant au Que\u0301bec et dans le reste du Canada<\/a><br \/>\n2018-05-09, La Presse, <a href=\"http:\/\/www.lapresse.ca\/actualites\/national\/201805\/09\/01-5177600-les-meres-paient-cher-la-naissance-de-leurs-enfants.php\">Les m\u00e8res paient cher la naissance de leurs enfants<\/a><br \/>\n2018-04-20, Radio Canada, <a href=\"https:\/\/ici.radio-canada.ca\/nouvelle\/1091151\/diminution-penalite-revenu-parent-quebec-canada-etude-uqam\">Le Qu\u00e9bec fait bonne figure pour les revenus des m\u00e8res<\/a><br \/>\n2018-04-06, Actualit\u00e9s UQAM, <a href=\"https:\/\/www.actualites.uqam.ca\/2018\/disparites-salariales-maternite-moindres-au-quebec-que-dans-le-reste-du-Canada\">Les m\u00e8res qu\u00e9b\u00e9coises avantag\u00e9es<\/a><br \/>\n2018-03-20, Le Devoir, <a href=\"http:\/\/www.ledevoir.com\/societe\/523126\/les-meres-sont-elles-desavantagees-en-terme-de-revenus-par-rapport-aux-femmes-sans-enfant\">Les revenus des m\u00e8res qu\u00e9b\u00e9coises se comparent \u00e0 ceux des femmes sans enfant<\/a><br \/>\n2018-03-19, Les Affaires, <a href=\"http:\/\/www.lesaffaires.com\/blogues\/l-economie-en-version-corsee\/oui-les-enfants-sont-un-boulet-pour-les-revenus-des-femmes\/601259\">Oui, les enfants sont un boulet pour les revenus des femmes!<\/a><br \/>\n2018-02-26, Actualit\u00e9s UQAM, <a href=\"https:\/\/www.actualites.uqam.ca\/2018\/des-recherches-contribuent-a-la-perennite-de-la-fondation-OLO\">Des recherches payantes<\/a><\/p>\n<h2>2017<\/h2>\n<p>2017-10-23, Talk Radio AM640 Toronto (radio), Interview on the Quebec childcare program avec Tasha Kheiriddin<br \/>\n2017-08-30, Radio-Canada Montr\u00e9al, r\u00e9actions au rapport de l\u2019Institut \u00e9conomique de Montr\u00e9al sur les d\u00e9penses en \u00e9ducation au Qu\u00e9bec<br \/>\n2017-06-23, The Globe and Mail, <a href=\"https:\/\/www.theglobeandmail.com\/news\/national\/a-tale-of-two-canadas-where-you-grow-up-affects-your-adult-income\/article35444594\/\">A tale of two Canadas: Where you grew up affects your income in adulthood<\/a><br \/>\n2017-06-13, La Presse, <a href=\"http:\/\/affaires.lapresse.ca\/opinions\/chroniques\/francis-vailles\/201706\/12\/01-5106930-ou-iront-les-millions-des-garderies.php,\">O\u00f9 iront les millions des garderies?<\/a><br \/>\n2017-05-31, ESG Les nouvelles de la recherche, Infolettre de juillet, <a href=\"https:\/\/www.vdresguqamca.com\/single-post\/2017\/05\/31\/Un-tr%C3%A9sor-cach%C3%A9-%C3%A0-l%E2%80%99ESG-Le-Centre-interuniversitaire-qu%C3%A9b%C3%A9cois-de-statistiques-sociales-CIQSS\">Un tr\u00e9sor cach\u00e9 \u00e0 l\u2019ESG, Le CIQSS<\/a><br \/>\n2017-04-28, Le Devoir, <a href=\"http:\/\/www.ledevoir.com\/societe\/actualites-en-societe\/497443\/priorite-a-la-qualite-et-a-l-equite-dans-les-services-de-garde-educatifs-a-l-enfance\">Priorit\u00e9 \u00e0 la qualit\u00e9 et \u00e0 l\u2019\u00e9quit\u00e9 dans les services de garde \u00e9ducatifs \u00e0 l\u2019enfance<\/a>, \u00e9crit par Am\u00e9lie Quesnel-Vall\u00e9e, Marie Connolly, Catherine Haeck, Pierre Fortin, Pierre Lefebvre, and Philip Merrigan,<br \/>\n2017-02-19, Le Droit (Gatineau), <a href=\"http:\/\/www.lapresse.ca\/le-droit\/chroniqueurs\/patrick-duquette\/201702\/19\/01-5071128-theo-leglouton.php\">Th\u00e9o, le glouton<\/a><br \/>\n2017-02-19, Quotidien\/Progr\u00e8s-Dimanche (Saguenay-Lac-Saint-Jean), 25 ANS DU PROGRAMME OLO, Les besoins toujours pr\u00e9sents<br \/>\n2017-02-18, LCN\/TVA nouvelles Montr\u00e9al (t\u00e9l\u00e9vision), Programme OLO<br \/>\n2017-02-13, La Presse+, <a href=\"http:\/\/plus.lapresse.ca\/screens\/2e5fee5e-d66b-401e-a901-78eb7f5a6fbe%7C_0.html\">Aider les futures m\u00e8res \u00e0 mieux se nourrir est rentable, conclut une \u00e9tude<\/a><br \/>\n2017-02-13, ICI Radio-Canada Premi\u00e8re (Ottawa-Gatineau), \u00c9mission Retour sur le vif, Programme OLO<br \/>\n2017-02-13, ICI Radio-Canada Premi\u00e8re Saguenay, \u00c9mission Caf\u00e9, boulot, dodo, <a href=\"http:\/\/ici.radio-canada.ca\/emissions\/Cafe_Boulot_dodo\/2015-2016\/index.asp\">Programme OLO<\/a><\/p>\n<h2>2016 and 2015<\/h2>\n<p>2016-08-25, Actualit\u00e9s UQ\u00c0M, <a href=\"https:\/\/www.actualites.uqam.ca\/2016\/programme-OLO-bebes-en-sante\">OLO, Une formule gagnante<\/a><br \/>\n2015-12-02, La Presse+, <a href=\"http:\/\/plus.lapresse.ca\/screens\/215b571e-4c5b-453e-9c33-8dbdfec938f6%7Cb7-v_C9Nrmi8.html\">Acc\u00e8s \u00e0 l\u2019information, Obstacles en s\u00e9rie<\/a><br \/>\n2015-12-02, La Presse+, <a href=\"http:\/\/plus.lapresse.ca\/screens\/215b571e-4c5b-453e-9c33-8dbdfec938f6%7Cb7-voESUduIQ.html\">Acc\u00e8s \u00e0 l\u2019information, Un syst\u00e8me trop lourd, d\u00e9noncent les chercheurs<\/a><br \/>\n2015-11-25, Journal de Montr\u00e9al, <a href=\"http:\/\/www.journaldemontreal.com\/2015\/11\/25\/moins-de-femmes-ont-acces-au-programme-olo\">Moins de femmes ont acc\u00e8s au programme OLO<\/a><br \/>\n2015-10-26, La Presse, <a href=\"http:\/\/www.lapresse.ca\/debats\/votre-opinion\/201510\/23\/01-4913232-sauvons-le-recensement-de-2016.php\">Sauvons le recensement de 2016!<\/a><br \/>\n2015-10-22, Journal de Montr\u00e9al, <a href=\"http:\/\/www.journaldemontreal.com\/2015\/10\/22\/le-premier-ministre-doit-faire-vite-sauvons-le-recensement-de-2016\">Sauvons le recensement de 2016!<\/a><br \/>\n2015-10-16, Ottawa Sun, <a href=\"http:\/\/www.ottawasun.com\/2015\/10\/16\/which-party-will-deliver-the-goods-for-maternity-leave-reform\">Which party will deliver the goods for maternity leave reform?<\/a><br \/>\n2015-09-30, The Globe and Mail, <a href=\"http:\/\/www.theglobeandmail.com\/life\/a-study-linked-rising-crime-to-quebecs-child-care-program-heres-why-its-wrong\/article26600555\/\">A study linked rising crime to Quebec\u2019s child care program: here\u2019s why it\u2019s wrong<\/a><br \/>\n2015-08-21, Publication du Quartier Libre, <a href=\"http:\/\/quartierlibre.ca\/etudiants-sans-banque\">L\u2019endettement \u00e9tudiant et le travail<\/a><br \/>\n2015-08-19, The National (CBC), Le T\u00e9l\u00e9journal de Radio-Canada, <a href=\"http:\/\/www.cbc.ca\/player\/Featured\/News\/ID\/2673961983\/\">Justin Trudeau pitches new parental leave proposals, flexible work plan<\/a><br \/>\n2015-08-19, Le T\u00e9l\u00e9journal de Radio-Canada, <a href=\"http:\/\/www.cbc.ca\/news\/politics\/justin-trudeau-pitches-new-parental-leave-proposals-flexible-work-plan-1.3195987\">Justin Trudeau pitches new parental leave proposals, flexible work plan<\/a><\/p>\n<h2>2014 and 2013<\/h2>\n<p>2014-12-10, Le Devoir, <a href=\"http:\/\/www.ledevoir.com\/politique\/quebec\/426209\/le-gouvernement-couillard-et-l-economie-pour-que-le-remede-n-acheve-pas-le-patient\">Pour que le rem\u00e8de n\u2019ach\u00e8ve pas le patient<\/a><br \/>\n2014-12-10, Le Soleil, <a href=\"http:\/\/www.lapresse.ca\/le-soleil\/opinions\/points-de-vue\/201412\/09\/01-4826610-pour-que-le-remede-nacheve-pas-le-patient.php\">Pour que le rem\u00e8de n\u2019ach\u00e8ve pas le patient<\/a><br \/>\n2014-11-27, MAtv, \u00c9mission Open t\u00e9l\u00e9, <a href=\"http:\/\/matv.ca\/montreal\/mes-emissions\/open-tele\/videos\/3913845085001\">L\u2019\u00e9cole priv\u00e9e est-elle meilleure que l\u2019\u00e9cole publique<\/a><br \/>\n2014-10-06, Actualit\u00e9s UQ\u00c0M, <a href=\"http:\/\/www.actualites.uqam.ca\/2014\/reforme-scolaire-plus-de-lacunes-en-maths\">L&#8217;effet de la r\u00e9forme scolaire du Qu\u00e9bec sur les r\u00e9sultats en math\u00e9matiques et en sciences des \u00e9l\u00e8ves du primaire et du secondaire<\/a><br \/>\n2014-09-23, La Presse, L&#8217;effet de la r\u00e9forme scolaire du Qu\u00e9bec sur les r\u00e9sultats en math\u00e9matiques et en sciences des \u00e9l\u00e8ves du primaire et du secondaire<br \/>\n2013-03-08, Argent Groupe TVA, <a href=\"http:\/\/argent.canoe.ca\/nouvelles\/actualites\/travail-egal-salaire-inegal-8032013\">L&#8217;\u00e9cart salarial entre les hommes et les femmes<\/a><\/p>\n","protected":false},"excerpt":{"rendered":"<p>&gt;Check out the most current (2021) Media Summary. 2020 2020-12-07, La Presse, Agir collectivement pour sauver des vies 2020-11-22, La Presse, Des nouvelles de la \u00ab g\u00e9n\u00e9ration sacrifi\u00e9e \u00bb 2020-11-18, Actualit\u00e9s UQAM, Prix de la rel\u00e8ve professorale de l\u2019ESG UQAM 2020-11-16, Journal de Montr\u00e9al, La COVID aura-t-elle des cons\u00e9quences \u00e0 long terme pour les tout-petits [&hellip;]<\/p>\n","protected":false},"author":725,"featured_media":0,"parent":0,"menu_order":0,"comment_status":"closed","ping_status":"closed","template":"","meta":{"_editorskit_title_hidden":false,"_editorskit_reading_time":0,"_editorskit_is_block_options_detached":false,"_editorskit_block_options_position":"{}","footnotes":""},"class_list":["post-2039","page","type-page","status-publish","hentry"],"yoast_head":"<!-- This site is optimized with the Yoast SEO plugin v27.4 - https:\/\/yoast.com\/product\/yoast-seo-wordpress\/ -->\n<title>Media Summary Archive - Groupe de recherche sur le capital humain - ESG UQAM<\/title>\n<meta name=\"robots\" content=\"index, follow, max-snippet:-1, max-image-preview:large, max-video-preview:-1\" \/>\n<link rel=\"canonical\" href=\"https:\/\/grch.esg.uqam.ca\/en\/media-summary-archive\/\" \/>\n<meta property=\"og:locale\" content=\"en_US\" \/>\n<meta property=\"og:type\" content=\"article\" \/>\n<meta property=\"og:title\" content=\"Media Summary Archive - Groupe de recherche sur le capital humain - ESG UQAM\" \/>\n<meta property=\"og:description\" content=\"&gt;Check out the most current (2021) Media Summary. 2020 2020-12-07, La Presse, Agir collectivement pour sauver des vies 2020-11-22, La Presse, Des nouvelles de la \u00ab g\u00e9n\u00e9ration sacrifi\u00e9e \u00bb 2020-11-18, Actualit\u00e9s UQAM, Prix de la rel\u00e8ve professorale de l\u2019ESG UQAM 2020-11-16, Journal de Montr\u00e9al, La COVID aura-t-elle des cons\u00e9quences \u00e0 long terme pour les tout-petits [&hellip;]\" \/>\n<meta property=\"og:url\" content=\"https:\/\/grch.esg.uqam.ca\/en\/media-summary-archive\/\" \/>\n<meta property=\"og:site_name\" content=\"Groupe de recherche sur le capital humain\" \/>\n<meta property=\"article:modified_time\" content=\"2021-09-03T15:25:31+00:00\" \/>\n<meta name=\"twitter:card\" content=\"summary_large_image\" \/>\n<meta name=\"twitter:label1\" content=\"Est. reading time\" \/>\n\t<meta name=\"twitter:data1\" content=\"5 minutes\" \/>\n<script type=\"application\/ld+json\" class=\"yoast-schema-graph\">{\"@context\":\"https:\\\/\\\/schema.org\",\"@graph\":[{\"@type\":\"WebPage\",\"@id\":\"https:\\\/\\\/grch.esg.uqam.ca\\\/en\\\/media-summary-archive\\\/\",\"url\":\"https:\\\/\\\/grch.esg.uqam.ca\\\/en\\\/media-summary-archive\\\/\",\"name\":\"Media Summary Archive - Groupe de recherche sur le capital humain - ESG UQAM\",\"isPartOf\":{\"@id\":\"https:\\\/\\\/grch.esg.uqam.ca\\\/#website\"},\"datePublished\":\"2021-09-03T15:24:23+00:00\",\"dateModified\":\"2021-09-03T15:25:31+00:00\",\"breadcrumb\":{\"@id\":\"https:\\\/\\\/grch.esg.uqam.ca\\\/en\\\/media-summary-archive\\\/#breadcrumb\"},\"inLanguage\":\"en-US\",\"potentialAction\":[{\"@type\":\"ReadAction\",\"target\":[\"https:\\\/\\\/grch.esg.uqam.ca\\\/en\\\/media-summary-archive\\\/\"]}]},{\"@type\":\"BreadcrumbList\",\"@id\":\"https:\\\/\\\/grch.esg.uqam.ca\\\/en\\\/media-summary-archive\\\/#breadcrumb\",\"itemListElement\":[{\"@type\":\"ListItem\",\"position\":1,\"name\":\"Accueil\",\"item\":\"https:\\\/\\\/grch.esg.uqam.ca\\\/en\\\/\"},{\"@type\":\"ListItem\",\"position\":2,\"name\":\"Media Summary Archive\"}]},{\"@type\":\"WebSite\",\"@id\":\"https:\\\/\\\/grch.esg.uqam.ca\\\/#website\",\"url\":\"https:\\\/\\\/grch.esg.uqam.ca\\\/\",\"name\":\"Groupe de recherche sur le capital humain\",\"description\":\"Groupe de recherche sur le capital humain\",\"potentialAction\":[{\"@type\":\"SearchAction\",\"target\":{\"@type\":\"EntryPoint\",\"urlTemplate\":\"https:\\\/\\\/grch.esg.uqam.ca\\\/?s={search_term_string}\"},\"query-input\":{\"@type\":\"PropertyValueSpecification\",\"valueRequired\":true,\"valueName\":\"search_term_string\"}}],\"inLanguage\":\"en-US\"}]}<\/script>\n<!-- \/ Yoast SEO plugin. -->","yoast_head_json":{"title":"Media Summary Archive - Groupe de recherche sur le capital humain - ESG UQAM","robots":{"index":"index","follow":"follow","max-snippet":"max-snippet:-1","max-image-preview":"max-image-preview:large","max-video-preview":"max-video-preview:-1"},"canonical":"https:\/\/grch.esg.uqam.ca\/en\/media-summary-archive\/","og_locale":"en_US","og_type":"article","og_title":"Media Summary Archive - Groupe de recherche sur le capital humain - ESG UQAM","og_description":"&gt;Check out the most current (2021) Media Summary. 2020 2020-12-07, La Presse, Agir collectivement pour sauver des vies 2020-11-22, La Presse, Des nouvelles de la \u00ab g\u00e9n\u00e9ration sacrifi\u00e9e \u00bb 2020-11-18, Actualit\u00e9s UQAM, Prix de la rel\u00e8ve professorale de l\u2019ESG UQAM 2020-11-16, Journal de Montr\u00e9al, La COVID aura-t-elle des cons\u00e9quences \u00e0 long terme pour les tout-petits [&hellip;]","og_url":"https:\/\/grch.esg.uqam.ca\/en\/media-summary-archive\/","og_site_name":"Groupe de recherche sur le capital humain","article_modified_time":"2021-09-03T15:25:31+00:00","twitter_card":"summary_large_image","twitter_misc":{"Est. reading time":"5 minutes"},"schema":{"@context":"https:\/\/schema.org","@graph":[{"@type":"WebPage","@id":"https:\/\/grch.esg.uqam.ca\/en\/media-summary-archive\/","url":"https:\/\/grch.esg.uqam.ca\/en\/media-summary-archive\/","name":"Media Summary Archive - Groupe de recherche sur le capital humain - ESG UQAM","isPartOf":{"@id":"https:\/\/grch.esg.uqam.ca\/#website"},"datePublished":"2021-09-03T15:24:23+00:00","dateModified":"2021-09-03T15:25:31+00:00","breadcrumb":{"@id":"https:\/\/grch.esg.uqam.ca\/en\/media-summary-archive\/#breadcrumb"},"inLanguage":"en-US","potentialAction":[{"@type":"ReadAction","target":["https:\/\/grch.esg.uqam.ca\/en\/media-summary-archive\/"]}]},{"@type":"BreadcrumbList","@id":"https:\/\/grch.esg.uqam.ca\/en\/media-summary-archive\/#breadcrumb","itemListElement":[{"@type":"ListItem","position":1,"name":"Accueil","item":"https:\/\/grch.esg.uqam.ca\/en\/"},{"@type":"ListItem","position":2,"name":"Media Summary Archive"}]},{"@type":"WebSite","@id":"https:\/\/grch.esg.uqam.ca\/#website","url":"https:\/\/grch.esg.uqam.ca\/","name":"Groupe de recherche sur le capital humain","description":"Groupe de recherche sur le capital humain","potentialAction":[{"@type":"SearchAction","target":{"@type":"EntryPoint","urlTemplate":"https:\/\/grch.esg.uqam.ca\/?s={search_term_string}"},"query-input":{"@type":"PropertyValueSpecification","valueRequired":true,"valueName":"search_term_string"}}],"inLanguage":"en-US"}]}},"_links":{"self":[{"href":"https:\/\/grch.esg.uqam.ca\/en\/wp-json\/wp\/v2\/pages\/2039","targetHints":{"allow":["GET"]}}],"collection":[{"href":"https:\/\/grch.esg.uqam.ca\/en\/wp-json\/wp\/v2\/pages"}],"about":[{"href":"https:\/\/grch.esg.uqam.ca\/en\/wp-json\/wp\/v2\/types\/page"}],"author":[{"embeddable":true,"href":"https:\/\/grch.esg.uqam.ca\/en\/wp-json\/wp\/v2\/users\/725"}],"replies":[{"embeddable":true,"href":"https:\/\/grch.esg.uqam.ca\/en\/wp-json\/wp\/v2\/comments?post=2039"}],"version-history":[{"count":2,"href":"https:\/\/grch.esg.uqam.ca\/en\/wp-json\/wp\/v2\/pages\/2039\/revisions"}],"predecessor-version":[{"id":2041,"href":"https:\/\/grch.esg.uqam.ca\/en\/wp-json\/wp\/v2\/pages\/2039\/revisions\/2041"}],"wp:attachment":[{"href":"https:\/\/grch.esg.uqam.ca\/en\/wp-json\/wp\/v2\/media?parent=2039"}],"curies":[{"name":"wp","href":"https:\/\/api.w.org\/{rel}","templated":true}]}}